{"id":940,"date":"2024-09-01T11:56:42","date_gmt":"2024-09-01T14:56:42","guid":{"rendered":"https:\/\/collateralfx.com\/br\/?post_type=product&#038;p=940"},"modified":"2026-03-04T19:08:42","modified_gmt":"2026-03-04T22:08:42","slug":"p018-sea-of-japan","status":"publish","type":"product","link":"https:\/\/collateralfx.com\/br\/pedais\/p018-sea-of-japan\/","title":{"rendered":"P018 &#8211; Sea of Japan"},"content":{"rendered":"<p><iframe title=\"Como USAR um pedal de VIBE !?  Sea of Japan Collateral FX !\" width=\"1170\" height=\"658\" src=\"https:\/\/www.youtube.com\/embed\/RCl44YL7Bbo?feature=oembed\" frameborder=\"0\" allow=\"accelerometer; autoplay; clipboard-write; encrypted-media; gyroscope; picture-in-picture; web-share\" referrerpolicy=\"strict-origin-when-cross-origin\" allowfullscreen><\/iframe><\/p>\n<p>&nbsp;<\/p>\n","protected":false},"excerpt":{"rendered":"<h3><strong style=\"font-size: 16px;\">Princ\u00edpio ativo \u2013<\/strong><span style=\"font-size: 16px;\"> C\u00e9lulas \u00f3pticas selecionadas e a cl\u00e1ssica l\u00e2mpada, com o preamp e range de velocidade melhorados para atender as necessidades do guitarrista moderno, mas que busca a sonoridade original do Univibe.<\/span><\/h3>\n<div>\n<p><strong>Indicado para:<\/strong> guitarristas que buscam uma modula\u00e7\u00e3o que foge da tr\u00edade chorus\/phaser\/flanger e querem uma colora\u00e7\u00e3o mais vintage e complexa em seus timbres.<\/p>\n<div>\n<p>O Univibe, desenvolvido por Fumio Mieda para a Honey (empresa que se tornaria a Shin-Ei) foi uma das primeiras modula\u00e7\u00f5es desenvolvidas para instrumentos musicais. O efeito do Vibe \u2013 que se situa em algum lugar entre a sonoridade dos Phaser e Chorus \u2013 era originalmente obtido pela intera\u00e7\u00e3o entre uma l\u00e2mpada incandescente e quatro c\u00e9lulas \u00f3pticas, e a dificuldade de se encontrar tais componentes, somados \u00e0s necessidades referentes a alimenta\u00e7\u00e3o do circuito original (que contava com um transformador interno e era ligado direto na tomada), fizeram o cl\u00e1ssico circuito passar por diversas adapta\u00e7\u00f5es ao ser \u201creproduzido\u201d por outras marcas, indo desde a substitui\u00e7\u00e3o da l\u00e2mpada por um LED (ou LEDs), o que tr\u00e1s uma resposta diferente do formato do pulso e das frequ\u00eancias da modula\u00e7\u00e3o \u2013 at\u00e9 uma completa altera\u00e7\u00e3o na topologia do funcionamento do pedal \u2013 como o uso de OTAs, JFETs e mesmo vers\u00f5es completamente digitais.<\/p>\n<p>O Sea of Japan, por sua vez, \u00e9 uma reprodu\u00e7\u00e3o fi\u00e9l do Vibe consagrado por Jimi Hendrix, Robin Trower, Mike McCready e tantos outros guitarristas, se valendo de uma l\u00e2mpada (que, vale dizer, tem uma vida \u00fatil de 10000 horas e provavelmente vai durar gera\u00e7\u00f5es) e um sistema de alimenta\u00e7\u00e3o modernizado.O controle de depth determina a profundidade do efeito, alterando o \u201cthrob\u201d, o desenho do pulso sonoro. O controle de Speed atua sobre a velocidade do efeito (que tamb\u00e9m atua sobre a profundidade, quanto mais r\u00e1pido, mas intenso o som se torna, e quanto mais lento, mais sutil), indo desde um quase-phaser at\u00e9 sons que remetem \u00e0 um Ring Modulator \u2013 o LFO do circuito foi levemente modificado para chegar em velocidades menores e maiores que o Univibe original, oferecendo grande flexibilidade sonora.<\/p>\n<p>Al\u00e9m disso, o preamp foi modificado para oferecer mais ganho \u2013 visto que nas unidades originais o volume fica abaixo do bypass \u2013 podendo ser utilizado at\u00e9 como um boost \u2013 tudo ao alcance do controle de Level. A chave de C\/V alterna entre os modos Chorus, que \u00e9 o som cl\u00e1ssico de Vibe que temos nos discos, onde o sinal modulado \u00e9 mixado com seu sinal limpo, e o modo Vibrato, que \u00e9 apenas o sinal modulado. O Sea of Japan \u00e9 um projeto que j\u00e1 nasceu cl\u00e1ssico e foi desenvolvido com grande respeito \u00e0 hist\u00f3ria, funcionamento e sonoridade das unidades originais do Univibe.<\/p>\n<\/div>\n<div><strong>Tens\u00e3o de opera\u00e7\u00e3o:<\/strong> 9v<br \/>\n<strong>Instrumentos compat\u00edveis:<\/strong> Guitarra el\u00e9trica<br \/>\n<strong>Tipos de efeitos:<\/strong> Vibe\/Vibrato\/Modula\u00e7\u00e3o<br \/>\n<strong><span class=\"ui-pdp-color--BLACK ui-pdp-size--XSMALL ui-pdp-family--BOLD\">Tipos de alimenta\u00e7\u00e3o<\/span>:<\/strong> Adaptador<br \/>\n<strong><span class=\"ui-pdp-color--BLACK ui-pdp-size--XSMALL ui-pdp-family--BOLD\">Dimens\u00f5es AxLxP (cm):<\/span><\/strong><span class=\"ui-pdp-color--BLACK ui-pdp-size--XSMALL ui-pdp-family--BOLD\">6.5x13x9<\/span><span class=\"ui-pdp-color--BLACK ui-pdp-size--XSMALL ui-pdp-family--BOLD\"><br \/>\n<\/span><\/div>\n<div><span class=\"ui-pdp-color--BLACK ui-pdp-size--XSMALL ui-pdp-family--BOLD\"><strong><br \/>\nPrazos:<\/strong><br \/>\n<\/span><strong>Compensa\u00e7\u00e3o de pagamento:<\/strong> at\u00e9 2 dias \u00fateis<br \/>\n<strong>Produ\u00e7\u00e3o:<\/strong> em at\u00e9 10 dias \u00fateis<br \/>\n<strong>Entrega:<\/strong> de acordo com o tipo de frete escolhido<\/div>\n<div><strong><em><br \/>\nObs.: As cores e detalhes dos produtos podem sofrer altera\u00e7\u00f5es de tonalidade e textura dependendo da calibra\u00e7\u00e3o de seu monitor, visor e do lote de materiais de nossos fornecedores.<\/em><\/strong><\/div>\n<\/div>\n","protected":false},"featured_media":947,"template":"","meta":{"_acf_changed":false},"product_brand":[],"product_cat":[129,143,128],"product_tag":[146,149,144,145,148,147],"class_list":{"0":"post-940","1":"product","2":"type-product","3":"status-publish","4":"has-post-thumbnail","6":"product_cat-modulation","7":"product_cat-vibe","8":"product_cat-vibrato","9":"product_tag-modulation","10":"product_tag-sea-of-japan","11":"product_tag-univibe","12":"product_tag-vibe","13":"product_tag-vibrato","14":"product_tag-vintage","16":"first","17":"instock","18":"taxable","19":"shipping-taxable","20":"purchasable","21":"product-type-simple"},"acf":[],"_links":{"self":[{"href":"https:\/\/collateralfx.com\/br\/wp-json\/wp\/v2\/product\/940","targetHints":{"allow":["GET"]}}],"collection":[{"href":"https:\/\/collateralfx.com\/br\/wp-json\/wp\/v2\/product"}],"about":[{"href":"https:\/\/collateralfx.com\/br\/wp-json\/wp\/v2\/types\/product"}],"wp:featuredmedia":[{"embeddable":true,"href":"https:\/\/collateralfx.com\/br\/wp-json\/wp\/v2\/media\/947"}],"wp:attachment":[{"href":"https:\/\/collateralfx.com\/br\/wp-json\/wp\/v2\/media?parent=940"}],"wp:term":[{"taxonomy":"product_brand","embeddable":true,"href":"https:\/\/collateralfx.com\/br\/wp-json\/wp\/v2\/product_brand?post=940"},{"taxonomy":"product_cat","embeddable":true,"href":"https:\/\/collateralfx.com\/br\/wp-json\/wp\/v2\/product_cat?post=940"},{"taxonomy":"product_tag","embeddable":true,"href":"https:\/\/collateralfx.com\/br\/wp-json\/wp\/v2\/product_tag?post=940"}],"curies":[{"name":"wp","href":"https:\/\/api.w.org\/{rel}","templated":true}]}}