{"id":88,"date":"2023-03-12T00:20:38","date_gmt":"2023-03-12T03:20:38","guid":{"rendered":"https:\/\/collateralfx.com\/br\/?post_type=product&#038;p=88"},"modified":"2026-02-21T18:59:32","modified_gmt":"2026-02-21T21:59:32","slug":"p001-demoiselle-chorus","status":"publish","type":"product","link":"https:\/\/collateralfx.com\/br\/pedais\/p001-demoiselle-chorus\/","title":{"rendered":"P001 &#8211; Demoiselle Chorus"},"content":{"rendered":"<p><iframe title=\"Demoiselle + M\u00fasicas que me fizeram gostar de chorus\" width=\"1170\" height=\"658\" src=\"https:\/\/www.youtube.com\/embed\/6pgM8vW2O-A?feature=oembed\" frameborder=\"0\" allow=\"accelerometer; autoplay; clipboard-write; encrypted-media; gyroscope; picture-in-picture; web-share\" referrerpolicy=\"strict-origin-when-cross-origin\" allowfullscreen><\/iframe><\/p>\n<p><iframe title=\"COLLATERAL FX DEMIOISELLE | Andy Ferreira\" width=\"1170\" height=\"658\" src=\"https:\/\/www.youtube.com\/embed\/omIxEO7G8v0?feature=oembed\" frameborder=\"0\" allow=\"accelerometer; autoplay; clipboard-write; encrypted-media; gyroscope; picture-in-picture; web-share\" referrerpolicy=\"strict-origin-when-cross-origin\" allowfullscreen><\/iframe><\/p>\n","protected":false},"excerpt":{"rendered":"<p><strong>Princ\u00edpio ativo: <\/strong>BBD NOS<\/p>\n<p><strong>Indicado para:<\/strong> Quem busca o chorus\/vibrato anal\u00f3gico mais vers\u00e1til da atualidade.<\/p>\n<p>\u00c9 poss\u00edvel aprimorar um cl\u00e1ssico? Digamos que em alguns casos, sim. Foi o que fizemos com o Demoiselle Chorus. Quando pensamos o pedal, quer\u00edamos trazer a riqueza sonora dos antigos Boss CE-2, mas ir al\u00e9m. Depois de muitos testes, o resultado foi um chorus quente, que traz aquele sabor anos 70, um vibrato musical e org\u00e2nico e a possibilidade de chegar at\u00e9 sons espetaculares de Leslie. Tudo isso num \u00fanico pedal!<\/p>\n<p>O segredo do Demoiselle Chorus est\u00e1 na amplitude sonora, que vai desde uma modula\u00e7\u00e3o leve e chega em uma velocidade do efeito muito maior do que os CE-2 antigos. Outro diferencial \u00e9 o controle D\/C\/V (Dry\/Chorus\/Vibrato), que permite que voc\u00ea tenha controle total da quantidade de chorus voc\u00ea quer no sinal limpo e vice-versa.<\/p>\n<p>Tamb\u00e9m fomos bastante cuidadosos para que o circuito tenha o m\u00ednimo de ru\u00eddo e distor\u00e7\u00f5es no sinal. Instalamos um led que indica a velocidade do LFO da modula\u00e7\u00e3o. Testamos lado a lado com o amado CE-2 e outros chorus caros do mercado e atual e chegamos \u00e0 orgulhosa conclus\u00e3o de que o Demoiselle Chorus \u00e9 o mais vers\u00e1til da categoria.<\/p>\n<p>Desconfiamos, ali\u00e1s, que at\u00e9 quem n\u00e3o \u00e9 muito chegado em chorus vai se render ao que essa caixinha tem a oferecer.<\/p>\n<p class=\"ui-pdp-family--REGULAR ui-pdp-list__text\"><strong><span class=\"ui-pdp-color--BLACK ui-pdp-size--XSMALL ui-pdp-family--BOLD\">Tens\u00e3o de opera\u00e7\u00e3o<\/span>:<\/strong> 9V<br \/>\n<strong><span class=\"ui-pdp-color--BLACK ui-pdp-size--XSMALL ui-pdp-family--BOLD\">Instrumentos compat\u00edveis<\/span><\/strong>: Baixo,Guitarra el\u00e9trica<br \/>\n<strong><span class=\"ui-pdp-color--BLACK ui-pdp-size--XSMALL ui-pdp-family--BOLD\">Tipos de efeitos<\/span>:<\/strong> Chorus \/ Vibrato<br \/>\n<strong><span class=\"ui-pdp-color--BLACK ui-pdp-size--XSMALL ui-pdp-family--BOLD\">Tipos de alimenta\u00e7\u00e3o<\/span>:<\/strong> Adaptador<br \/>\n<strong><span class=\"ui-pdp-color--BLACK ui-pdp-size--XSMALL ui-pdp-family--BOLD\">Dimens\u00f5es AxLxP (cm): <\/span><\/strong><span class=\"ui-pdp-color--BLACK ui-pdp-size--XSMALL ui-pdp-family--BOLD\">11x6x4<\/span><\/p>\n<p><strong>Prazos:<\/strong><br \/>\n<strong>Compensa\u00e7\u00e3o de pagamento:<\/strong> at\u00e9 2 dias \u00fateis<br \/>\n<strong>Produ\u00e7\u00e3o:<\/strong> at\u00e9 10 dias \u00fateis<br \/>\n<strong>Entrega:<\/strong> de acordo com o tipo de frete escolhido<\/p>\n<p><strong><em>Obs.: As cores e detalhes dos produtos podem sofrer altera\u00e7\u00f5es de tonalidade e textura dependendo da calibra\u00e7\u00e3o de seu monitor, visor e do lote de materiais de nossos fornecedores.<\/em><\/strong><\/p>\n<p>&nbsp;<\/p>\n","protected":false},"featured_media":268,"template":"","meta":{"_acf_changed":false},"product_brand":[],"product_cat":[127,129,161,128],"product_tag":[26],"class_list":{"0":"post-88","1":"product","2":"type-product","3":"status-publish","4":"has-post-thumbnail","6":"product_cat-chorus","7":"product_cat-modulation","8":"product_cat-promocoes_de_janeiro","9":"product_cat-vibrato","10":"product_tag-chorus","12":"first","13":"instock","14":"taxable","15":"shipping-taxable","16":"purchasable","17":"product-type-simple"},"acf":[],"_links":{"self":[{"href":"https:\/\/collateralfx.com\/br\/wp-json\/wp\/v2\/product\/88","targetHints":{"allow":["GET"]}}],"collection":[{"href":"https:\/\/collateralfx.com\/br\/wp-json\/wp\/v2\/product"}],"about":[{"href":"https:\/\/collateralfx.com\/br\/wp-json\/wp\/v2\/types\/product"}],"wp:featuredmedia":[{"embeddable":true,"href":"https:\/\/collateralfx.com\/br\/wp-json\/wp\/v2\/media\/268"}],"wp:attachment":[{"href":"https:\/\/collateralfx.com\/br\/wp-json\/wp\/v2\/media?parent=88"}],"wp:term":[{"taxonomy":"product_brand","embeddable":true,"href":"https:\/\/collateralfx.com\/br\/wp-json\/wp\/v2\/product_brand?post=88"},{"taxonomy":"product_cat","embeddable":true,"href":"https:\/\/collateralfx.com\/br\/wp-json\/wp\/v2\/product_cat?post=88"},{"taxonomy":"product_tag","embeddable":true,"href":"https:\/\/collateralfx.com\/br\/wp-json\/wp\/v2\/product_tag?post=88"}],"curies":[{"name":"wp","href":"https:\/\/api.w.org\/{rel}","templated":true}]}}