{"id":591,"date":"2024-05-03T22:19:03","date_gmt":"2024-05-04T01:19:03","guid":{"rendered":"https:\/\/collateralfx.com\/br\/?post_type=product&#038;p=591"},"modified":"2026-02-21T18:57:59","modified_gmt":"2026-02-21T21:57:59","slug":"p017-unchained","status":"publish","type":"product","link":"https:\/\/collateralfx.com\/br\/pedais\/p017-unchained\/","title":{"rendered":"P017 &#8211; Unchained"},"content":{"rendered":"<p><iframe title=\"PARA DE COMPRAR ERRADO! O PEDAL DE OVERDRIVE QUE VOCE\u0302 QUER \u00c9 ESSE! COLLATERAL FX UNCHAINED\" width=\"1170\" height=\"658\" src=\"https:\/\/www.youtube.com\/embed\/SaObPtI844U?list=PLMSQ3JeyfhfdV6_hex9Zvve1bJvKFheyG\" frameborder=\"0\" allow=\"accelerometer; autoplay; clipboard-write; encrypted-media; gyroscope; picture-in-picture; web-share\" referrerpolicy=\"strict-origin-when-cross-origin\" allowfullscreen><\/iframe><\/p>\n<p><iframe title=\"Van Halen na era MARSHALL em um Pedal - Unchained da Collateral FX\" width=\"1170\" height=\"658\" src=\"https:\/\/www.youtube.com\/embed\/wTzNDwPyFII?list=PLMSQ3JeyfhfdV6_hex9Zvve1bJvKFheyG\" frameborder=\"0\" allow=\"accelerometer; autoplay; clipboard-write; encrypted-media; gyroscope; picture-in-picture; web-share\" referrerpolicy=\"strict-origin-when-cross-origin\" allowfullscreen><\/iframe><\/p>\n","protected":false},"excerpt":{"rendered":"<p><strong>Princ\u00edpio ativo \u2013<\/strong> JFETS emulando a sonoridade dos Marshall Hot Rodded dos anos 70 e 80 e controles ativos na equaliza\u00e7\u00e3o.<\/p>\n<p><strong>Indicado para:<\/strong> F\u00e3s de EVH ou todos que buscam o timbre dos amps Marshall em alto ganho, mas sem enlouquecer os vizinhos e t\u00e9cnicos de som.<\/p>\n<div>\n<p>Baseado na sonoridade dos primeiros discos gravados pelo Van Halen, o Unchained usa a tecnologia JFET para emular os est\u00e1gios de pr\u00e9 e power dos Marshall Super Lead. Os timbres de Ed Van Halen s\u00e3o extremamente dif\u00edceis de se reproduzir com amplificadores, visto que o mesmo os utilizava em alt\u00edssimo volume, passando por atenuadores &#8211; o que trazia aquele som cheio de compress\u00e3o, sag e sustain. O circuito do Unchained reproduz de forma fi\u00e9l tais timbres, contando com um poderos\u00edssimo equalizador ativo de tr\u00eas bandas, dando grande flexibilidade para casar o pedal com suas guitarras, amplificadores ou emuladores favoritos. Al\u00e9m disso, o Unchained tem a capacidade de ser alimentado por at\u00e9 18v, permitindo mais headroom e din\u00e2mica, caso o usu\u00e1rio prefira o pedal assim.<\/p>\n<p>\u00c9 muito importante ressaltar que, apesar das refer\u00eancias a EVH e ao elusivo &#8220;Brown Sound&#8221;, o Unchained \u00e9 capaz de ir muito al\u00e9m &#8211; seu controle de ganho \u00e9 altamente vers\u00e1til, abrangendo sonoridades do hard rock setentista e oitentista e passeando por tranquilidade pelos timbres da guitarra metal dos anos 80 e come\u00e7o dos anos 90.<\/p>\n<\/div>\n<div><strong>Tens\u00e3o de opera\u00e7\u00e3o:<\/strong> 9-18v<br \/>\n<strong>Instrumentos compat\u00edveis:<\/strong> Guitarra el\u00e9trica<br \/>\n<strong>Tipos de efeitos:<\/strong> Overdrive \/ Distortion<br \/>\n<strong><span class=\"ui-pdp-color--BLACK ui-pdp-size--XSMALL ui-pdp-family--BOLD\">Tipos de alimenta\u00e7\u00e3o<\/span>:<\/strong> Adaptador<br \/>\n<strong><span class=\"ui-pdp-color--BLACK ui-pdp-size--XSMALL ui-pdp-family--BOLD\">Dimens\u00f5es AxLxP (cm): <\/span><\/strong><span class=\"ui-pdp-color--BLACK ui-pdp-size--XSMALL ui-pdp-family--BOLD\"><span class=\"ui-pdp-color--BLACK ui-pdp-size--XSMALL ui-pdp-family--BOLD\"><span class=\"ui-pdp-color--BLACK ui-pdp-size--XSMALL ui-pdp-family--BOLD\"><span class=\"ui-pdp-color--BLACK ui-pdp-size--XSMALL ui-pdp-family--BOLD\">11x6x4<br \/>\n<\/span><\/span><\/span><\/span><\/div>\n<div><span class=\"ui-pdp-color--BLACK ui-pdp-size--XSMALL ui-pdp-family--BOLD\"><span class=\"ui-pdp-color--BLACK ui-pdp-size--XSMALL ui-pdp-family--BOLD\"><span class=\"ui-pdp-color--BLACK ui-pdp-size--XSMALL ui-pdp-family--BOLD\"><span class=\"ui-pdp-color--BLACK ui-pdp-size--XSMALL ui-pdp-family--BOLD\"><strong><br \/>\nPrazos:<\/strong><br \/>\n<\/span><\/span><\/span><\/span><strong>Compensa\u00e7\u00e3o de pagamento:<\/strong> at\u00e9 2 dias \u00fateis<br \/>\n<strong>Produ\u00e7\u00e3o:<\/strong> at\u00e9 10 dias \u00fateis<br \/>\n<strong>Entrega:<\/strong> de acordo com o tipo de frete escolhido<\/div>\n<div><strong><em><br \/>\nObs.: As cores e detalhes dos produtos podem sofrer altera\u00e7\u00f5es de tonalidade e textura dependendo da calibra\u00e7\u00e3o de seu monitor, visor e do lote de materiais de nossos fornecedores.<\/em><\/strong><\/div>\n","protected":false},"featured_media":1157,"template":"","meta":{"_acf_changed":false},"product_brand":[],"product_cat":[122,123,161],"product_tag":[119,28,62,118,120,117],"class_list":{"0":"post-591","1":"product","2":"type-product","3":"status-publish","4":"has-post-thumbnail","6":"product_cat-distortion","7":"product_cat-overdrive","8":"product_cat-promocoes_de_janeiro","9":"product_tag-bias","10":"product_tag-fuzz","11":"product_tag-fuzz-face","12":"product_tag-germanio","13":"product_tag-glass-tone","14":"product_tag-silicio","16":"first","17":"instock","18":"taxable","19":"shipping-taxable","20":"purchasable","21":"product-type-simple"},"acf":[],"_links":{"self":[{"href":"https:\/\/collateralfx.com\/br\/wp-json\/wp\/v2\/product\/591","targetHints":{"allow":["GET"]}}],"collection":[{"href":"https:\/\/collateralfx.com\/br\/wp-json\/wp\/v2\/product"}],"about":[{"href":"https:\/\/collateralfx.com\/br\/wp-json\/wp\/v2\/types\/product"}],"wp:featuredmedia":[{"embeddable":true,"href":"https:\/\/collateralfx.com\/br\/wp-json\/wp\/v2\/media\/1157"}],"wp:attachment":[{"href":"https:\/\/collateralfx.com\/br\/wp-json\/wp\/v2\/media?parent=591"}],"wp:term":[{"taxonomy":"product_brand","embeddable":true,"href":"https:\/\/collateralfx.com\/br\/wp-json\/wp\/v2\/product_brand?post=591"},{"taxonomy":"product_cat","embeddable":true,"href":"https:\/\/collateralfx.com\/br\/wp-json\/wp\/v2\/product_cat?post=591"},{"taxonomy":"product_tag","embeddable":true,"href":"https:\/\/collateralfx.com\/br\/wp-json\/wp\/v2\/product_tag?post=591"}],"curies":[{"name":"wp","href":"https:\/\/api.w.org\/{rel}","templated":true}]}}