{"id":550,"date":"2024-05-01T21:28:03","date_gmt":"2024-05-02T00:28:03","guid":{"rendered":"https:\/\/collateralfx.com\/br\/?post_type=product&#038;p=550"},"modified":"2026-02-21T18:58:19","modified_gmt":"2026-02-21T21:58:19","slug":"p015-white-russian","status":"publish","type":"product","link":"https:\/\/collateralfx.com\/br\/pedais\/p015-white-russian\/","title":{"rendered":"P015 &#8211; White Russian"},"content":{"rendered":"","protected":false},"excerpt":{"rendered":"<p><strong>Princ\u00edpio ativo \u2013<\/strong> Fuzz\/Distortion de sil\u00edcio.<\/p>\n<p><strong>Indicado para:<\/strong> Guitarristas ou baixistas que buscam sustain e defini\u00e7\u00e3o com um timbre cheio de personalidade.<\/p>\n<div>\n<p>O White Russian \u00e9 uma reprodu\u00e7\u00e3o fi\u00e9l do circuito dos Big Muff produzidos pela Sovtek no come\u00e7o dos anos 90. \u00c9 uma das vers\u00f5es do circuito que tem a sonoridade mais distinta, tendo graves mais controlados e menos ganho que a maioria de seus irm\u00e3os da Electro Harmonix. Tais graves mais &#8220;tight&#8221; o tornam um dos pedais favoritos para os baixistas, mantendo a defini\u00e7\u00e3o mesmo em n\u00edveis mais altos de ganho. Seu sustain cantante cativa guitarristas dos mais diversos g\u00eaneros musicais, desde David Gilmour (que usou o Sovtek nas grava\u00e7oes do Pulse) at\u00e9 Dan Auerbach, guitarrista do Black Keys.<\/p>\n<p>O White Russian celebra o visual utilitarista do Big Muff sovi\u00e9tico original, mas com v\u00e1rias comodidades modernas: Tamanho reduzido, true bypass, resistores metal film &#8211; que reduzem drasticamente os ru\u00eddos do projeto original &#8211; e toda a confiabilidade dos pedais da Collateral FX.<\/p>\n<\/div>\n<div><strong>Tens\u00e3o de opera\u00e7\u00e3o:<\/strong> 9v<br \/>\n<strong>Instrumentos compat\u00edveis:<\/strong> Baixo, Guitarra el\u00e9trica<br \/>\n<strong>Tipos de efeitos:<\/strong> Fuzz \/ Distortion<br \/>\n<strong><span class=\"ui-pdp-color--BLACK ui-pdp-size--XSMALL ui-pdp-family--BOLD\">Tipos de alimenta\u00e7\u00e3o<\/span>:<\/strong> Adaptador<br \/>\n<strong><span class=\"ui-pdp-color--BLACK ui-pdp-size--XSMALL ui-pdp-family--BOLD\">Dimens\u00f5es AxLxP (cm): <\/span><\/strong><span class=\"ui-pdp-color--BLACK ui-pdp-size--XSMALL ui-pdp-family--BOLD\"><span class=\"ui-pdp-color--BLACK ui-pdp-size--XSMALL ui-pdp-family--BOLD\"><span class=\"ui-pdp-color--BLACK ui-pdp-size--XSMALL ui-pdp-family--BOLD\">6.5x13x9<br \/>\n<\/span><\/span><\/span><\/div>\n<div><strong>Peso (g):\u00a0<\/strong><\/div>\n<div><strong>Garantia:<\/strong> 1 ano (contra defeitos de fabrica\u00e7\u00e3o)<\/div>\n<div><span class=\"ui-pdp-color--BLACK ui-pdp-size--XSMALL ui-pdp-family--BOLD\"><span class=\"ui-pdp-color--BLACK ui-pdp-size--XSMALL ui-pdp-family--BOLD\"><span class=\"ui-pdp-color--BLACK ui-pdp-size--XSMALL ui-pdp-family--BOLD\"><span class=\"ui-pdp-color--BLACK ui-pdp-size--XSMALL ui-pdp-family--BOLD\"><strong><br \/>\nPrazos:<\/strong><br \/>\n<\/span><\/span><\/span><\/span><strong>Compensa\u00e7\u00e3o de pagamento:<\/strong> at\u00e9 2 dias \u00fateis<br \/>\n<strong>Produ\u00e7\u00e3o:<\/strong> at\u00e9 10 dias \u00fateis<br \/>\n<strong>Entrega:<\/strong> de acordo com o tipo de frete escolhido<\/div>\n<div><strong><em><br \/>\nObs.: As cores e detalhes dos produtos podem sofrer altera\u00e7\u00f5es de tonalidade e textura dependendo da calibra\u00e7\u00e3o de seu monitor, visor e do lote de materiais de nossos fornecedores.<\/em><\/strong><\/div>\n","protected":false},"featured_media":551,"template":"","meta":{"_acf_changed":false},"product_brand":[],"product_cat":[122,121,161],"product_tag":[83,102,28,117,76,116],"class_list":{"0":"post-550","1":"product","2":"type-product","3":"status-publish","4":"has-post-thumbnail","6":"product_cat-distortion","7":"product_cat-fuzz","8":"product_cat-promocoes_de_janeiro","9":"product_tag-big-muff","10":"product_tag-distortion","11":"product_tag-fuzz","12":"product_tag-silicio","13":"product_tag-sustain","14":"product_tag-tight","16":"first","17":"instock","18":"taxable","19":"shipping-taxable","20":"purchasable","21":"product-type-simple"},"acf":[],"_links":{"self":[{"href":"https:\/\/collateralfx.com\/br\/wp-json\/wp\/v2\/product\/550","targetHints":{"allow":["GET"]}}],"collection":[{"href":"https:\/\/collateralfx.com\/br\/wp-json\/wp\/v2\/product"}],"about":[{"href":"https:\/\/collateralfx.com\/br\/wp-json\/wp\/v2\/types\/product"}],"wp:featuredmedia":[{"embeddable":true,"href":"https:\/\/collateralfx.com\/br\/wp-json\/wp\/v2\/media\/551"}],"wp:attachment":[{"href":"https:\/\/collateralfx.com\/br\/wp-json\/wp\/v2\/media?parent=550"}],"wp:term":[{"taxonomy":"product_brand","embeddable":true,"href":"https:\/\/collateralfx.com\/br\/wp-json\/wp\/v2\/product_brand?post=550"},{"taxonomy":"product_cat","embeddable":true,"href":"https:\/\/collateralfx.com\/br\/wp-json\/wp\/v2\/product_cat?post=550"},{"taxonomy":"product_tag","embeddable":true,"href":"https:\/\/collateralfx.com\/br\/wp-json\/wp\/v2\/product_tag?post=550"}],"curies":[{"name":"wp","href":"https:\/\/api.w.org\/{rel}","templated":true}]}}