{"id":500,"date":"2023-12-04T11:30:42","date_gmt":"2023-12-04T14:30:42","guid":{"rendered":"https:\/\/collateralfx.com\/br\/?post_type=product&#038;p=500"},"modified":"2026-02-21T18:58:36","modified_gmt":"2026-02-21T21:58:36","slug":"p014-red-giant","status":"publish","type":"product","link":"https:\/\/collateralfx.com\/br\/pedais\/p014-red-giant\/","title":{"rendered":"P014 &#8211; Red Giant"},"content":{"rendered":"<p><iframe title=\"Red GIANT - ReVv G3 modificado pela Collateral FX | Tone Hacks #58\" width=\"1170\" height=\"658\" src=\"https:\/\/www.youtube.com\/embed\/Mm9UpxPiro0?list=PLMSQ3Jeyfhfec0fNNv5vT4hE5_61Uufod\" frameborder=\"0\" allow=\"accelerometer; autoplay; clipboard-write; encrypted-media; gyroscope; picture-in-picture; web-share\" referrerpolicy=\"strict-origin-when-cross-origin\" allowfullscreen><\/iframe><\/p>\n<p><iframe title=\"PEDAL RED GIANT da collateral fx\" width=\"1170\" height=\"658\" src=\"https:\/\/www.youtube.com\/embed\/MwmDhUdA93k?list=PLMSQ3Jeyfhfec0fNNv5vT4hE5_61Uufod\" frameborder=\"0\" allow=\"accelerometer; autoplay; clipboard-write; encrypted-media; gyroscope; picture-in-picture; web-share\" referrerpolicy=\"strict-origin-when-cross-origin\" allowfullscreen><\/iframe><\/p>\n","protected":false},"excerpt":{"rendered":"<p><strong>Princ\u00edpio ativo \u2013<\/strong> V\u00e1rios est\u00e1gios de clipagem, controles ativos de graves, m\u00e9dios e agudos e tr\u00eas modos de MUITO ganho.<\/p>\n<p><strong>Indicado para:<\/strong> quem busca um distortion rico em m\u00e9dios, cheio de sustain e que vai da sonoridade dos Marshall Hot Rodded at\u00e9 a de amplificadores high gain modernos.<\/p>\n<div>\n<p>O Red Giant \u00e9 o pedal High Gain da Collateral. Tendo sua base no Revv G3, o Red Giant oferece agudos menos estridentes e mais clareza e separa\u00e7\u00e3o de nota quando em alto ganho. Sua chave de Mass oferece tr\u00eas \u201ccanais\u201d com voicing e n\u00edveis de ganho diferentes, passando de um high gain com EQ mais equilibrado e com mais compress\u00e3o, indo para a sonoridade dos Marshall hot rodded dos anos 80 e passando para um modo cheio de ganho, com m\u00e9dios cortantes e com menos compress\u00e3o, como nos amplificadores high gain da Bogner.<\/p>\n<p>Temos aqui um poderoso pedal com um grande range de ganho e um equalizador extremamente vers\u00e1til, e que abrange sonoridades do hard rock oitentista, do Grunge e chega ao que temos de mais moderno dentro do metal. Vale notar que o Red Giant tamb\u00e9m soa sensacional ligado direto em seu power amp ou simulador de gabinete.<\/p>\n<\/div>\n<div>\n<div><strong>Tens\u00e3o de opera\u00e7\u00e3o:<\/strong> 9 &#8211; 18V<br \/>\n<strong>Instrumentos compat\u00edveis:<\/strong> Baixo, Guitarra el\u00e9trica<br \/>\n<strong>Tipos de efeitos:<\/strong> Distortion<br \/>\n<strong><span class=\"ui-pdp-color--BLACK ui-pdp-size--XSMALL ui-pdp-family--BOLD\">Tipos de alimenta\u00e7\u00e3o<\/span>:<\/strong> Adaptador<br \/>\n<strong><span class=\"ui-pdp-color--BLACK ui-pdp-size--XSMALL ui-pdp-family--BOLD\">Dimens\u00f5es AxLxP (cm): <\/span><\/strong><span class=\"ui-pdp-color--BLACK ui-pdp-size--XSMALL ui-pdp-family--BOLD\"><span class=\"ui-pdp-color--BLACK ui-pdp-size--XSMALL ui-pdp-family--BOLD\"><span class=\"ui-pdp-color--BLACK ui-pdp-size--XSMALL ui-pdp-family--BOLD\"><span class=\"ui-pdp-color--BLACK ui-pdp-size--XSMALL ui-pdp-family--BOLD\">11x6x4<br \/>\n<\/span><\/span><\/span><\/span><\/div>\n<div><span class=\"ui-pdp-color--BLACK ui-pdp-size--XSMALL ui-pdp-family--BOLD\"><span class=\"ui-pdp-color--BLACK ui-pdp-size--XSMALL ui-pdp-family--BOLD\"><span class=\"ui-pdp-color--BLACK ui-pdp-size--XSMALL ui-pdp-family--BOLD\"><span class=\"ui-pdp-color--BLACK ui-pdp-size--XSMALL ui-pdp-family--BOLD\"><strong><br \/>\nPrazos:<\/strong><br \/>\n<\/span><\/span><\/span><\/span><strong>Compensa\u00e7\u00e3o de pagamento:<\/strong> at\u00e9 2 dias \u00fateis<br \/>\n<strong>Produ\u00e7\u00e3o:<\/strong> at\u00e9 10 dias \u00fateis<br \/>\n<strong>Entrega:<\/strong> de acordo com o tipo de frete escolhido<\/div>\n<div><strong><em><br \/>\nObs.: As cores e detalhes dos produtos podem sofrer altera\u00e7\u00f5es de tonalidade e textura dependendo da calibra\u00e7\u00e3o de seu monitor, visor e do lote de materiais de nossos fornecedores.<\/em><\/strong><\/div>\n<\/div>\n","protected":false},"featured_media":501,"template":"","meta":{"_acf_changed":false},"product_brand":[],"product_cat":[122,123,124,161],"product_tag":[105,102,101,96,106,104,103,76],"class_list":{"0":"post-500","1":"product","2":"type-product","3":"status-publish","4":"has-post-thumbnail","6":"product_cat-distortion","7":"product_cat-overdrive","8":"product_cat-preamp","9":"product_cat-promocoes_de_janeiro","10":"product_tag-bogner","11":"product_tag-distortion","12":"product_tag-gain","13":"product_tag-ganho","14":"product_tag-grunge","15":"product_tag-high-gain","16":"product_tag-marshall-hot-rodded","17":"product_tag-sustain","19":"first","20":"instock","21":"taxable","22":"shipping-taxable","23":"purchasable","24":"product-type-simple"},"acf":[],"_links":{"self":[{"href":"https:\/\/collateralfx.com\/br\/wp-json\/wp\/v2\/product\/500","targetHints":{"allow":["GET"]}}],"collection":[{"href":"https:\/\/collateralfx.com\/br\/wp-json\/wp\/v2\/product"}],"about":[{"href":"https:\/\/collateralfx.com\/br\/wp-json\/wp\/v2\/types\/product"}],"wp:featuredmedia":[{"embeddable":true,"href":"https:\/\/collateralfx.com\/br\/wp-json\/wp\/v2\/media\/501"}],"wp:attachment":[{"href":"https:\/\/collateralfx.com\/br\/wp-json\/wp\/v2\/media?parent=500"}],"wp:term":[{"taxonomy":"product_brand","embeddable":true,"href":"https:\/\/collateralfx.com\/br\/wp-json\/wp\/v2\/product_brand?post=500"},{"taxonomy":"product_cat","embeddable":true,"href":"https:\/\/collateralfx.com\/br\/wp-json\/wp\/v2\/product_cat?post=500"},{"taxonomy":"product_tag","embeddable":true,"href":"https:\/\/collateralfx.com\/br\/wp-json\/wp\/v2\/product_tag?post=500"}],"curies":[{"name":"wp","href":"https:\/\/api.w.org\/{rel}","templated":true}]}}