{"id":497,"date":"2023-12-04T11:18:06","date_gmt":"2023-12-04T14:18:06","guid":{"rendered":"https:\/\/collateralfx.com\/br\/?post_type=product&#038;p=497"},"modified":"2026-02-21T18:58:55","modified_gmt":"2026-02-21T21:58:55","slug":"p013-black-hole-sunn","status":"publish","type":"product","link":"https:\/\/collateralfx.com\/br\/pedais\/p013-black-hole-sunn\/","title":{"rendered":"P013 &#8211; Black Hole Sunn"},"content":{"rendered":"","protected":false},"excerpt":{"rendered":"<p><strong>Princ\u00edpio ativo \u2013<\/strong> Baseado no preamp dos lend\u00e1rios amplificadores Sunn Model T, contando com um poderoso boost de ganho.<\/p>\n<p><strong>Indicado para:<\/strong> os Stoner Heads de plant\u00e3o, mas tamb\u00e9m para quem busca um preamp\/overdrive cheio de personalidade e que foge do mais-do-mesmo.<\/p>\n<div>\n<p>O Black Hole Sunn \u00e9 baseado nos lend\u00e1rios e gigantes amplificadores Sunn Model T, que eram voltados para o uso tanto com guitarras quanto com baixos. Como muitos amplificadores da \u00e9poca, contavam com dois inputs: o normal e o high treble, cada um com seu ganho individual Assim como acontece com os Marshall Plexi, \u00e9 uma pr\u00e1tica comum \u201cjumpear\u201d esses dois canais e os utilizar em paralelo para oferecer uma sonoridade mais equilibrada e menos estridente &#8211; e aqui essa op\u00e7\u00e3o \u00e9 representada pelos knobs Normal e Bright, que se referem ao ganho de cada um desses est\u00e1gios.<\/p>\n<p>Al\u00e9m disso o Black Hole Sunn conta com um poderoso equalizador de tr\u00eas bandas, sendo um excelente tone shaper e sendo uma excelente escolha para os mais diversos g\u00eaneros musicais, oferecendo desde um lindo e brilhante clean at\u00e9 sonoridades devastadoras, ricas em grave, ganho e sustain, excelentes para se tocar com afina\u00e7\u00f5es baixas. Al\u00e9m de contar com um est\u00e1gio de boost de ganho, o Black Hole Sunn funciona muito bem sendo empurrado por outros overdrives, boosts e fuzzes. Doom over the World!<\/p>\n<\/div>\n<div><strong>Tens\u00e3o de opera\u00e7\u00e3o:<\/strong> 9 &#8211; 18V<br \/>\n<strong>Instrumentos compat\u00edveis:<\/strong> Baixo,Guitarra el\u00e9trica<br \/>\n<strong>Tipos de efeitos:<\/strong> Overdrive\/Distortion\/Preamp<br \/>\n<strong><span class=\"ui-pdp-color--BLACK ui-pdp-size--XSMALL ui-pdp-family--BOLD\">Tipos de alimenta\u00e7\u00e3o<\/span>:<\/strong> Adaptador<br \/>\n<strong><span class=\"ui-pdp-color--BLACK ui-pdp-size--XSMALL ui-pdp-family--BOLD\">Dimens\u00f5es AxLxP (cm):11x6x4<br \/>\n<\/span><\/strong><\/div>\n<div><span class=\"ui-pdp-color--BLACK ui-pdp-size--XSMALL ui-pdp-family--BOLD\"><span class=\"ui-pdp-color--BLACK ui-pdp-size--XSMALL ui-pdp-family--BOLD\"><span class=\"ui-pdp-color--BLACK ui-pdp-size--XSMALL ui-pdp-family--BOLD\"><span class=\"ui-pdp-color--BLACK ui-pdp-size--XSMALL ui-pdp-family--BOLD\"><strong><br \/>\nPrazos:<\/strong><br \/>\n<\/span><\/span><\/span><\/span><strong>Compensa\u00e7\u00e3o de pagamento:<\/strong> at\u00e9 2 dias \u00fateis<br \/>\n<strong>Produ\u00e7\u00e3o:<\/strong> at\u00e9 10 dias \u00fateis<br \/>\n<strong>Entrega:<\/strong> de acordo com o tipo de frete escolhido<\/div>\n<div><strong><em><br \/>\nObs.: As cores e detalhes dos produtos podem sofrer altera\u00e7\u00f5es de tonalidade e textura dependendo da calibra\u00e7\u00e3o de seu monitor, visor e do lote de materiais de nossos fornecedores.<\/em><\/strong><\/div>\n","protected":false},"featured_media":499,"template":"","meta":{"_acf_changed":false},"product_brand":[],"product_cat":[125,123,124],"product_tag":[95,100,96,90,98,97,94,99],"class_list":{"0":"post-497","1":"product","2":"type-product","3":"status-publish","4":"has-post-thumbnail","6":"product_cat-boost","7":"product_cat-overdrive","8":"product_cat-preamp","9":"product_tag-boost","10":"product_tag-doom","11":"product_tag-ganho","12":"product_tag-preamp","13":"product_tag-preamp-overdrive","14":"product_tag-stoner","15":"product_tag-sunn-model-t","16":"product_tag-tone-shaper","18":"first","19":"outofstock","20":"taxable","21":"shipping-taxable","22":"purchasable","23":"product-type-simple"},"acf":[],"_links":{"self":[{"href":"https:\/\/collateralfx.com\/br\/wp-json\/wp\/v2\/product\/497","targetHints":{"allow":["GET"]}}],"collection":[{"href":"https:\/\/collateralfx.com\/br\/wp-json\/wp\/v2\/product"}],"about":[{"href":"https:\/\/collateralfx.com\/br\/wp-json\/wp\/v2\/types\/product"}],"wp:featuredmedia":[{"embeddable":true,"href":"https:\/\/collateralfx.com\/br\/wp-json\/wp\/v2\/media\/499"}],"wp:attachment":[{"href":"https:\/\/collateralfx.com\/br\/wp-json\/wp\/v2\/media?parent=497"}],"wp:term":[{"taxonomy":"product_brand","embeddable":true,"href":"https:\/\/collateralfx.com\/br\/wp-json\/wp\/v2\/product_brand?post=497"},{"taxonomy":"product_cat","embeddable":true,"href":"https:\/\/collateralfx.com\/br\/wp-json\/wp\/v2\/product_cat?post=497"},{"taxonomy":"product_tag","embeddable":true,"href":"https:\/\/collateralfx.com\/br\/wp-json\/wp\/v2\/product_tag?post=497"}],"curies":[{"name":"wp","href":"https:\/\/api.w.org\/{rel}","templated":true}]}}