{"id":425,"date":"2023-06-26T20:47:49","date_gmt":"2023-06-26T23:47:49","guid":{"rendered":"https:\/\/collateralfx.com\/br\/?post_type=product&#038;p=425"},"modified":"2026-02-21T18:54:11","modified_gmt":"2026-02-21T21:54:11","slug":"p011-chili-pre","status":"publish","type":"product","link":"https:\/\/collateralfx.com\/br\/pedais\/p011-chili-pre\/","title":{"rendered":"P011 &#8211; Chili Pre"},"content":{"rendered":"","protected":false},"excerpt":{"rendered":"<p><strong>Princ\u00edpio ativo \u2013<\/strong> A sonoridade colorida do preamp do Boss CE-1.<\/p>\n<p><strong>Indicado para:<\/strong> Quem tem o timbre de John Frusciante como refer\u00eancia sonora.<\/p>\n<div>\n<p>O Boss CE-1 foi o primeiro pedal de chorus &#8220;compacto&#8221; do mercado, lan\u00e7ado tendo em mente n\u00e3o apenas a guitarra, mas instrumentos el\u00e9tricos num geral. Para isso, seu funcionamento dependia de um preamp sempre ativo e que permitia selecionar um sinal de entrada de alta ou baixa imped\u00e2ncia &#8211; entretanto tal preamp fica ativo mesmo que o Chorus em si esteja desligado. Ou seja, mesmo em bypass, este pr\u00e9, que tamb\u00e9m conta com um controle de ganho, afeta o sinal da guitarra.<\/p>\n<p>Tal caracter\u00edstica n\u00e3o passou despercebida por seus usu\u00e1rios mais famosos, John Frusciante (Red Hot Chili Peppers) e Dean DeLeo (Stone Temple Pilots) &#8211; e o timbre do preamp do CE-1 passou a ser parte integral do som limpo destes e de v\u00e1rios outros guitarristas. O por\u00e9m \u00e9, que al\u00e9m de um pedal caro e raro, s\u00e3o unidades muito antigas e que necessitam ser alimentadas plugando direto na tomada, al\u00e9m de ser um pedal famosamente ruidoso.<\/p>\n<p>O Chili Pre tr\u00e1s apenas o circuito do cl\u00e1ssico preamp, permitindo deslig\u00e1-lo (com opera\u00e7\u00e3o true bypass), al\u00e9m de ter o sistema de alimenta\u00e7\u00e3o convertido para o padr\u00e3o 9v (sendo convertido para +14\/-13v internamente, como no original) e toda a riqueza de cor e o enorme ganho oferecido pelo preamp do CE-1 aos seus p\u00e9s, indo de um clean boost\/tone enhancer at\u00e9 um drive low gain.<\/p>\n<\/div>\n<div><strong><span class=\"ui-pdp-color--BLACK ui-pdp-size--XSMALL ui-pdp-family--BOLD\">Tens\u00e3o de opera\u00e7\u00e3o<\/span>:<\/strong> 9V<br \/>\n<strong><span class=\"ui-pdp-color--BLACK ui-pdp-size--XSMALL ui-pdp-family--BOLD\">Tipos de alimenta\u00e7\u00e3o<\/span>:<\/strong> Adaptador<br \/>\n<strong><span class=\"ui-pdp-color--BLACK ui-pdp-size--XSMALL ui-pdp-family--BOLD\">Dimens\u00f5es AxLxP (cm): 11x6x4<br \/>\n<\/span><\/strong><\/div>\n<div><span class=\"ui-pdp-color--BLACK ui-pdp-size--XSMALL ui-pdp-family--BOLD\"><span class=\"ui-pdp-color--BLACK ui-pdp-size--XSMALL ui-pdp-family--BOLD\"><span class=\"ui-pdp-color--BLACK ui-pdp-size--XSMALL ui-pdp-family--BOLD\"><span class=\"ui-pdp-color--BLACK ui-pdp-size--XSMALL ui-pdp-family--BOLD\"><strong><br \/>\nPrazos:<\/strong><br \/>\n<\/span><\/span><\/span><\/span><strong>Compensa\u00e7\u00e3o de pagamento:<\/strong> at\u00e9 2 dias \u00fateis<br \/>\n<strong>Produ\u00e7\u00e3o:<\/strong> at\u00e9 10 dias \u00fateis<br \/>\n<strong>Entrega:<\/strong> de acordo com o tipo de frete escolhido<\/div>\n<div><strong><em><br \/>\nObs.: As cores e detalhes dos produtos podem sofrer altera\u00e7\u00f5es de tonalidade e textura dependendo da calibra\u00e7\u00e3o de seu monitor, visor e do lote de materiais de nossos fornecedores.<\/em><\/strong><\/div>\n","protected":false},"featured_media":426,"template":"","meta":{"_acf_changed":false},"product_brand":[],"product_cat":[125,123,124,161],"product_tag":[84,89,26,42,93,87,85,90,91,92,86,88],"class_list":{"0":"post-425","1":"product","2":"type-product","3":"status-publish","4":"has-post-thumbnail","6":"product_cat-boost","7":"product_cat-overdrive","8":"product_cat-preamp","9":"product_cat-promocoes_de_janeiro","10":"product_tag-boss-ce-1","11":"product_tag-bypass","12":"product_tag-chorus","13":"product_tag-clean-boost","14":"product_tag-dean-deleo","15":"product_tag-drive-low-gain","16":"product_tag-john-frusciante","17":"product_tag-preamp","18":"product_tag-red-hot-chili-peppers","19":"product_tag-stone-temple-pilots","20":"product_tag-tone-enhancer","21":"product_tag-true-bypass","23":"first","24":"instock","25":"taxable","26":"shipping-taxable","27":"purchasable","28":"product-type-simple"},"acf":[],"_links":{"self":[{"href":"https:\/\/collateralfx.com\/br\/wp-json\/wp\/v2\/product\/425","targetHints":{"allow":["GET"]}}],"collection":[{"href":"https:\/\/collateralfx.com\/br\/wp-json\/wp\/v2\/product"}],"about":[{"href":"https:\/\/collateralfx.com\/br\/wp-json\/wp\/v2\/types\/product"}],"wp:featuredmedia":[{"embeddable":true,"href":"https:\/\/collateralfx.com\/br\/wp-json\/wp\/v2\/media\/426"}],"wp:attachment":[{"href":"https:\/\/collateralfx.com\/br\/wp-json\/wp\/v2\/media?parent=425"}],"wp:term":[{"taxonomy":"product_brand","embeddable":true,"href":"https:\/\/collateralfx.com\/br\/wp-json\/wp\/v2\/product_brand?post=425"},{"taxonomy":"product_cat","embeddable":true,"href":"https:\/\/collateralfx.com\/br\/wp-json\/wp\/v2\/product_cat?post=425"},{"taxonomy":"product_tag","embeddable":true,"href":"https:\/\/collateralfx.com\/br\/wp-json\/wp\/v2\/product_tag?post=425"}],"curies":[{"name":"wp","href":"https:\/\/api.w.org\/{rel}","templated":true}]}}