{"id":421,"date":"2023-06-26T20:37:17","date_gmt":"2023-06-26T23:37:17","guid":{"rendered":"https:\/\/collateralfx.com\/br\/?post_type=product&#038;p=421"},"modified":"2026-02-21T18:59:12","modified_gmt":"2026-02-21T21:59:12","slug":"p010-the-year-of-the-rat-1985","status":"publish","type":"product","link":"https:\/\/collateralfx.com\/br\/pedais\/p010-the-year-of-the-rat-1985\/","title":{"rendered":"P010 &#8211; The Year of the Rat (1985)"},"content":{"rendered":"<p><iframe title=\"&quot;Year of The Rat&quot; distortion pedal Collateral FX (demo by Gus Barros)\" width=\"1170\" height=\"658\" src=\"https:\/\/www.youtube.com\/embed\/j7MqAW2ktJs?start=2&#038;feature=oembed\" frameborder=\"0\" allow=\"accelerometer; autoplay; clipboard-write; encrypted-media; gyroscope; picture-in-picture; web-share\" referrerpolicy=\"strict-origin-when-cross-origin\" allowfullscreen><\/iframe><br \/>\n<iframe title=\"Collateral FX Year of the Rat\" width=\"1170\" height=\"658\" src=\"https:\/\/www.youtube.com\/embed\/e1Xh-r2HA30?feature=oembed\" frameborder=\"0\" allow=\"accelerometer; autoplay; clipboard-write; encrypted-media; gyroscope; picture-in-picture; web-share\" referrerpolicy=\"strict-origin-when-cross-origin\" allowfullscreen><\/iframe><br \/>\n<iframe title=\"Collateral FX Year of the Rat vs ProCo Rat Bigbox\" width=\"1170\" height=\"658\" src=\"https:\/\/www.youtube.com\/embed\/ig9plcviwaw?feature=oembed\" frameborder=\"0\" allow=\"accelerometer; autoplay; clipboard-write; encrypted-media; gyroscope; picture-in-picture; web-share\" referrerpolicy=\"strict-origin-when-cross-origin\" allowfullscreen><\/iframe><\/p>\n<p>&nbsp;<\/p>\n","protected":false},"excerpt":{"rendered":"<p><strong>Princ\u00edpio ativo \u2013<\/strong> Timbres cl\u00e1ssicos que transitam entre overdrive e fuzz.<\/p>\n<p><strong>Indicado para:<\/strong> Quem procura timbres distorcidos com bastante defini\u00e7\u00e3o, sustain e personalidade.<\/p>\n<div>\n<p>O Year of The Rat \u00e9 uma reprodu\u00e7\u00e3o fi\u00e9l do cl\u00e1ssico absoluto lan\u00e7ado pela ProCo em 1985. Se trata de uma vers\u00e3o do Rat conhecida como Whiteface. \u00c9 a vers\u00e3o mais desejada do pedal entre guitarristas, e conta com o lend\u00e1rio chip LM308, fabricado (e j\u00e1 descontinuado) pela Motorola. No caminho do sinal, algumas unidades do Whiteface contavam com capacitores de t\u00e2ntalo no lugar dos capacitores eletrol\u00edticos, o que oferece uma opera\u00e7\u00e3o mais duradoura e uma resposta mais equilibrada nos agudos.<\/p>\n<p>Assim como sua contraparte original, o Year of the Rat oferece uma ampla gama de timbres: seu controle de ganho vai desde um crunch leve, passando por timbres cl\u00e1ssicos de overdrive, distortion at\u00e9 um fuzz na onda dos Big Muffs, com o diferencial de um voicing com m\u00e9dios pra aparecer na mix. O controle de Filter funciona no sentido oposto ao controle tradicional de tone, cortando agudos, e quanto mais ganho se adiciona, mais necess\u00e1rio de torna fechar o controle para voltar a clareza e defini\u00e7\u00e3o das notas.<\/p>\n<p>Com o Year of the Rat, a Collateral oferece um pedal novo, com opera\u00e7\u00e3o confi\u00e1vel, componentes de alt\u00edssima qualidade (incluindo o rar\u00edssimo LM308 da Motorola), mas sem deixar de lado o som que imortalizou o Rat nos p\u00e9s de David Gilmour, Jeff Beck, John Scoffield, Kurt Cobain, Dave Grohl, Graham Coxon e tantos outros.<\/p>\n<\/div>\n<div><strong><span class=\"ui-pdp-color--BLACK ui-pdp-size--XSMALL ui-pdp-family--BOLD\">Tens\u00e3o de opera\u00e7\u00e3o<\/span>:<\/strong> 9V<br \/>\n<strong><span class=\"ui-pdp-color--BLACK ui-pdp-size--XSMALL ui-pdp-family--BOLD\">Tipos de alimenta\u00e7\u00e3o<\/span>:<\/strong> Adaptador<br \/>\n<strong><span class=\"ui-pdp-color--BLACK ui-pdp-size--XSMALL ui-pdp-family--BOLD\">Dimens\u00f5es AxLxP (cm): 11x6x4<br \/>\n<\/span><\/strong><\/div>\n<div><span class=\"ui-pdp-color--BLACK ui-pdp-size--XSMALL ui-pdp-family--BOLD\"><span class=\"ui-pdp-color--BLACK ui-pdp-size--XSMALL ui-pdp-family--BOLD\"><span class=\"ui-pdp-color--BLACK ui-pdp-size--XSMALL ui-pdp-family--BOLD\"><span class=\"ui-pdp-color--BLACK ui-pdp-size--XSMALL ui-pdp-family--BOLD\"><strong><br \/>\nPrazos:<\/strong><br \/>\n<\/span><\/span><\/span><\/span><strong>Compensa\u00e7\u00e3o de pagamento:<\/strong> at\u00e9 2 dias \u00fateis<br \/>\n<strong>Produ\u00e7\u00e3o:<\/strong> at\u00e9 10 dias \u00fateis<br \/>\n<strong>Entrega:<\/strong> de acordo com o tipo de frete escolhido<\/div>\n<div><strong><em><br \/>\nObs.: As cores e detalhes dos produtos podem sofrer altera\u00e7\u00f5es de tonalidade e textura dependendo da calibra\u00e7\u00e3o de seu monitor, visor e do lote de materiais de nossos fornecedores.<\/em><\/strong><\/div>\n","protected":false},"featured_media":422,"template":"","meta":{"_acf_changed":false},"product_brand":[],"product_cat":[122,123,161],"product_tag":[79,83,28,82,38,78,80,76,81,77],"class_list":{"0":"post-421","1":"product","2":"type-product","3":"status-publish","4":"has-post-thumbnail","6":"product_cat-distortion","7":"product_cat-overdrive","8":"product_cat-promocoes_de_janeiro","9":"product_tag-79","10":"product_tag-big-muff","11":"product_tag-fuzz","12":"product_tag-lm308","13":"product_tag-overdrive","14":"product_tag-proco","15":"product_tag-rat","16":"product_tag-sustain","17":"product_tag-whiteface","18":"product_tag-year-of-the-rat","20":"first","21":"instock","22":"taxable","23":"shipping-taxable","24":"purchasable","25":"product-type-simple"},"acf":[],"_links":{"self":[{"href":"https:\/\/collateralfx.com\/br\/wp-json\/wp\/v2\/product\/421","targetHints":{"allow":["GET"]}}],"collection":[{"href":"https:\/\/collateralfx.com\/br\/wp-json\/wp\/v2\/product"}],"about":[{"href":"https:\/\/collateralfx.com\/br\/wp-json\/wp\/v2\/types\/product"}],"wp:featuredmedia":[{"embeddable":true,"href":"https:\/\/collateralfx.com\/br\/wp-json\/wp\/v2\/media\/422"}],"wp:attachment":[{"href":"https:\/\/collateralfx.com\/br\/wp-json\/wp\/v2\/media?parent=421"}],"wp:term":[{"taxonomy":"product_brand","embeddable":true,"href":"https:\/\/collateralfx.com\/br\/wp-json\/wp\/v2\/product_brand?post=421"},{"taxonomy":"product_cat","embeddable":true,"href":"https:\/\/collateralfx.com\/br\/wp-json\/wp\/v2\/product_cat?post=421"},{"taxonomy":"product_tag","embeddable":true,"href":"https:\/\/collateralfx.com\/br\/wp-json\/wp\/v2\/product_tag?post=421"}],"curies":[{"name":"wp","href":"https:\/\/api.w.org\/{rel}","templated":true}]}}