{"id":408,"date":"2023-06-25T23:36:26","date_gmt":"2023-06-26T02:36:26","guid":{"rendered":"https:\/\/collateralfx.com\/br\/?post_type=product&#038;p=408"},"modified":"2025-11-10T10:42:49","modified_gmt":"2025-11-10T13:42:49","slug":"p007-the-last-of-fuzz","status":"publish","type":"product","link":"https:\/\/collateralfx.com\/br\/pedais\/p007-the-last-of-fuzz\/","title":{"rendered":"P007 &#8211; The Last of Fuzz"},"content":{"rendered":"","protected":false},"excerpt":{"rendered":"<p><strong>Princ\u00edpio ativo<\/strong> \u2013 Fuzz de germ\u00e2nio com uma pitada de loucura.<\/p>\n<p><strong>Indicado para:<\/strong> Quem busca sonoridades mais tradicionais de Fuzz face, ou at\u00e9 sons psicod\u00e9licos experimentais.<\/p>\n<p>O The Last of Fuzz se fizermos um trocadilho poder\u00edamos chamar de \u201cYour Last Fuzz\u201d, porque a quantidade sons que tem dentro desse pedal faz dele o fuzz definitivo. A gente sabe que isso n\u00e3o existe, mas se voc\u00ea quiser um fuzz que vai desde aquela onda vintage anos 60 at\u00e9 o famoso fuzz velcro, ardido e barulhento, o The Last of Fuzz \u00e9 nossa principal indica\u00e7\u00e3o.<br \/>\nPara chegarmos nesse resultado, nos inspiramos no cl\u00e1ssico Fuzz Factory, uma verdadeira f\u00e1brica de sons fuzzeados. Com 5 knobs, o The Last of Fuzz n\u00e3o \u00e9 um pedal de fuzz convencional, e oferece possibilidades t\u00e3o variadas que vai agradar desde a galera do Classic Rock at\u00e9 quem se amarra numa experimenta\u00e7\u00e3o. Basta girar os knobs e ir testando o som que mais agrada aos seus ouvidos. E j\u00e1 que estamos homenageando um cl\u00e1ssico, escolhemos transistores de germ\u00e2nio selecionados individualmente para voc\u00ea ter a melhor experi\u00eancia.<br \/>\nApenas um aviso: tenha cuidado para n\u00e3o se perder e pirar na quantidade de sons divertidos que o The Last of Fuzz oferece. Se esse n\u00e3o for seu fuzz definitivo, temos certeza de que por muito tempo voc\u00ea vai descobrir timbres divertidos dele.<\/p>\n<p><strong>Tens\u00e3o de opera\u00e7\u00e3o:<\/strong> 9V<br \/>\n<strong>Tipos de alimenta\u00e7\u00e3o:<\/strong> Adaptador<br \/>\n<strong>Dimens\u00f5es AxLxP (cm):<\/strong> 11x6x4<\/p>\n<p><strong>Prazos:<\/strong><br \/>\n<strong>Compensa\u00e7\u00e3o de pagamento:<\/strong> at\u00e9 2 dias \u00fateis<br \/>\n<strong>Produ\u00e7\u00e3o:<\/strong> at\u00e9 10 dias \u00fateis<br \/>\n<strong>Entrega:<\/strong> de acordo com o tipo de frete escolhido<\/p>\n<p><strong>Obs.: As cores e detalhes dos produtos podem sofrer altera\u00e7\u00f5es de tonalidade e textura dependendo da calibra\u00e7\u00e3o de seu monitor, visor e do lote de materiais de nossos fornecedores.<\/strong><\/p>\n","protected":false},"featured_media":409,"template":"","meta":{"_acf_changed":false},"product_brand":[],"product_cat":[121],"product_tag":[28,63,62,64,65],"class_list":{"0":"post-408","1":"product","2":"type-product","3":"status-publish","4":"has-post-thumbnail","6":"product_cat-fuzz","7":"product_tag-fuzz","8":"product_tag-fuzz-de-germanio","9":"product_tag-fuzz-face","10":"product_tag-fuzz-factory","11":"product_tag-fuzz-velcro","13":"first","14":"instock","15":"taxable","16":"shipping-taxable","17":"purchasable","18":"product-type-simple"},"acf":[],"_links":{"self":[{"href":"https:\/\/collateralfx.com\/br\/wp-json\/wp\/v2\/product\/408","targetHints":{"allow":["GET"]}}],"collection":[{"href":"https:\/\/collateralfx.com\/br\/wp-json\/wp\/v2\/product"}],"about":[{"href":"https:\/\/collateralfx.com\/br\/wp-json\/wp\/v2\/types\/product"}],"wp:featuredmedia":[{"embeddable":true,"href":"https:\/\/collateralfx.com\/br\/wp-json\/wp\/v2\/media\/409"}],"wp:attachment":[{"href":"https:\/\/collateralfx.com\/br\/wp-json\/wp\/v2\/media?parent=408"}],"wp:term":[{"taxonomy":"product_brand","embeddable":true,"href":"https:\/\/collateralfx.com\/br\/wp-json\/wp\/v2\/product_brand?post=408"},{"taxonomy":"product_cat","embeddable":true,"href":"https:\/\/collateralfx.com\/br\/wp-json\/wp\/v2\/product_cat?post=408"},{"taxonomy":"product_tag","embeddable":true,"href":"https:\/\/collateralfx.com\/br\/wp-json\/wp\/v2\/product_tag?post=408"}],"curies":[{"name":"wp","href":"https:\/\/api.w.org\/{rel}","templated":true}]}}