{"id":353,"date":"2023-05-22T20:57:31","date_gmt":"2023-05-22T23:57:31","guid":{"rendered":"https:\/\/collateralfx.com\/br\/?post_type=product&#038;p=353"},"modified":"2026-02-21T18:54:01","modified_gmt":"2026-02-21T21:54:01","slug":"p006-foo-driver","status":"publish","type":"product","link":"https:\/\/collateralfx.com\/br\/pedais\/p006-foo-driver\/","title":{"rendered":"P006 &#8211; Foo Driver"},"content":{"rendered":"<p><iframe title=\"#shorts  Collateral FX Foo Driver vs Crowther Hotcake\" width=\"1170\" height=\"658\" src=\"https:\/\/www.youtube.com\/embed\/ju2F-ewCMs8?feature=oembed\" frameborder=\"0\" allow=\"accelerometer; autoplay; clipboard-write; encrypted-media; gyroscope; picture-in-picture; web-share\" referrerpolicy=\"strict-origin-when-cross-origin\" allowfullscreen><\/iframe><\/p>\n<p><iframe title=\"Foo Driver - Collateral FX | REVIEW COMPLETO\" width=\"1170\" height=\"658\" src=\"https:\/\/www.youtube.com\/embed\/Doi1uOPrCCg?list=PLMSQ3JeyfhfclDGHV8ooklW7pzoqDHfUj\" frameborder=\"0\" allow=\"accelerometer; autoplay; clipboard-write; encrypted-media; gyroscope; picture-in-picture; web-share\" referrerpolicy=\"strict-origin-when-cross-origin\" allowfullscreen><\/iframe><\/p>\n<p><iframe title=\"Collateral FX Foo Driver vs Crowther Hotcake\" width=\"1170\" height=\"658\" src=\"https:\/\/www.youtube.com\/embed\/bkSaNVfXmjA?list=PLMSQ3JeyfhfclDGHV8ooklW7pzoqDHfUj\" frameborder=\"0\" allow=\"accelerometer; autoplay; clipboard-write; encrypted-media; gyroscope; picture-in-picture; web-share\" referrerpolicy=\"strict-origin-when-cross-origin\" allowfullscreen><\/iframe><\/p>\n<p>&nbsp;<\/p>\n","protected":false},"excerpt":{"rendered":"<p><strong>Princ\u00edpio ativo<\/strong> \u2013 Um overdrive aberto, sem diodos de clipagem e cheio de harm\u00f4nicos, indo desde um suave crunch a um timbre quase fuzzy.<\/p>\n<p><strong>Indicado para:<\/strong> Curte o drive dos discos do Foo Fighters<br \/>\n<strong>Contra indica\u00e7\u00f5es:<\/strong> N\u00e3o h\u00e1!<\/p>\n<p>Como o nome j\u00e1 sugere, o Foo Driver \u00e9 uma homenagem ao Foo Fighters, mas \u00e9 muito mais do que isso. Esse pedal \u00e9 feito a partir do Crowther Hot Cake, um lend\u00e1rio overdrive que moldou muito dos sons que a gente escuta nos discos do Foo Fighters. Esse pedal \u00e9 extremamente vers\u00e1til, com um drive cremoso, org\u00e2nico e muito bonito. Isso justifica a devo\u00e7\u00e3o que in\u00fameros guitarristas t\u00eam pelos Hot Cake.<br \/>\nAo longo de d\u00e9cadas, foram lan\u00e7adas diferentes vers\u00f5es do Hot Cake, e a\u00ed que est\u00e1 o diferencial do Foo Driver. Todas essas vers\u00f5es est\u00e3o no nosso pedal! Isso \u00e9 poss\u00edvel por conta de 3 dip switches no interior do Foo Driver. Em resumo: voc\u00ea pode ir desde um som mais \u00e1spero at\u00e9 timbres mais polidos e moderados. \u00c9 como poder ir dos timbres do Dave Grohl aos do Mark Knopfler \u2013 outro devoto dos Hot Cake, em uma simples mudan\u00e7a de regulagem.<br \/>\nAhhh, antes que a gente esque\u00e7a, vale mencionar que desde o fechamento da Crowther Audio, o pre\u00e7o dos Hot Cake n\u00e3o para de subir. Mais uma raz\u00e3o para voc\u00ea garantir o Foo Driver e ter ao seu alcance aqueles timbres de overdrive t\u00e3o desejados no mundo todo.<br \/>\nMuito da Collateral FX foi pensado ao som de Foo Fighters, ent\u00e3o nada mais justo do que um pedal em homenagem a essa banda que tanto nos inspirou ao longo dos anos!<\/p>\n<p><strong>Tens\u00e3o de opera\u00e7\u00e3o:<\/strong> 9V<br \/>\n<strong>Tipos de alimenta\u00e7\u00e3o:<\/strong> Adaptador<br \/>\n<strong>Dimens\u00f5es AxLxP (cm):<\/strong> 11x6x4<\/p>\n<p><strong>Prazos:<\/strong><br \/>\n<strong>Compensa\u00e7\u00e3o de pagamento:<\/strong> at\u00e9 2 dias \u00fateis<br \/>\n<strong>Produ\u00e7\u00e3o:<\/strong> at\u00e9 3 dias \u00fateis<br \/>\n<strong>Entrega:<\/strong> de acordo com o tipo de frete escolhido<\/p>\n<p><strong>Obs.: As cores e detalhes dos produtos podem sofrer altera\u00e7\u00f5es de tonalidade e textura dependendo da calibra\u00e7\u00e3o de seu monitor, visor e do lote de materiais de nossos fornecedores.<\/strong><\/p>\n","protected":false},"featured_media":376,"template":"","meta":{"_acf_changed":false},"product_brand":[],"product_cat":[125,123,161],"product_tag":[54,51,44,52,53,38],"class_list":{"0":"post-353","1":"product","2":"type-product","3":"status-publish","4":"has-post-thumbnail","6":"product_cat-boost","7":"product_cat-overdrive","8":"product_cat-promocoes_de_janeiro","9":"product_tag-3-dip-switches","10":"product_tag-crowther-hot-cake","11":"product_tag-drive","12":"product_tag-foo-fighters","13":"product_tag-hot-cake","14":"product_tag-overdrive","16":"first","17":"instock","18":"taxable","19":"shipping-taxable","20":"purchasable","21":"product-type-simple"},"acf":[],"_links":{"self":[{"href":"https:\/\/collateralfx.com\/br\/wp-json\/wp\/v2\/product\/353","targetHints":{"allow":["GET"]}}],"collection":[{"href":"https:\/\/collateralfx.com\/br\/wp-json\/wp\/v2\/product"}],"about":[{"href":"https:\/\/collateralfx.com\/br\/wp-json\/wp\/v2\/types\/product"}],"wp:featuredmedia":[{"embeddable":true,"href":"https:\/\/collateralfx.com\/br\/wp-json\/wp\/v2\/media\/376"}],"wp:attachment":[{"href":"https:\/\/collateralfx.com\/br\/wp-json\/wp\/v2\/media?parent=353"}],"wp:term":[{"taxonomy":"product_brand","embeddable":true,"href":"https:\/\/collateralfx.com\/br\/wp-json\/wp\/v2\/product_brand?post=353"},{"taxonomy":"product_cat","embeddable":true,"href":"https:\/\/collateralfx.com\/br\/wp-json\/wp\/v2\/product_cat?post=353"},{"taxonomy":"product_tag","embeddable":true,"href":"https:\/\/collateralfx.com\/br\/wp-json\/wp\/v2\/product_tag?post=353"}],"curies":[{"name":"wp","href":"https:\/\/api.w.org\/{rel}","templated":true}]}}