{"id":349,"date":"2023-05-22T20:43:39","date_gmt":"2023-05-22T23:43:39","guid":{"rendered":"https:\/\/collateralfx.com\/br\/?post_type=product&#038;p=349"},"modified":"2025-11-10T10:43:10","modified_gmt":"2025-11-10T13:43:10","slug":"p005-continuum","status":"publish","type":"product","link":"https:\/\/collateralfx.com\/br\/pedais\/p005-continuum\/","title":{"rendered":"P005 &#8211; Continuum OD"},"content":{"rendered":"","protected":false},"excerpt":{"rendered":"<p><strong>Princ\u00edpio ativo \u2013<\/strong> Dois overdrives lend\u00e1rios na hist\u00f3ria da guitarra dispon\u00edveis em formato compacto.<\/p>\n<p><strong>Indicado para:<\/strong> Quem sonha com um John Mayer in a Box.<\/p>\n<p>N\u00e3o h\u00e1 como negar que o disco Continuum, do John Mayer, \u00e9 um dos \u00e1lbuns que mais influenciou guitarristas de 2006 para c\u00e1. O timbre matador de Strato \u00e9 resultado entre outros fatores ao uso de pedais como o Ibanez TS10 e o Klon Centaur. E foi a soma desses dois cl\u00e1ssicos que resultou no pedal Continuum, novo lan\u00e7amento da Collateral FX.<\/p>\n<p>Mas engana-se quem pensa que o Continuum se resume \u00e0 tentativa de reproduzir o som do disco hom\u00f4nimo. A ideia aqui \u00e9 trazer as caracter\u00edsticas de dois cl\u00e1ssicos em um \u00fanico pedal. Pegamos o que h\u00e1 de melhor tanto do TS10 quanto do Klon, aperfei\u00e7oamos alguns detalhes, colocamos a nossa cara e o resultado foi uma poderosa ferramenta.<\/p>\n<p>Com o Continuum, \u00e9 \u00f3bvio que voc\u00ea consegue aquele som de Strato puxando pro John Mayer e Stevie Ray Vaughan, mas voc\u00ea pode ir al\u00e9m, especialmente se somar os dois canais e carregar no ganho. Voc\u00ea pode tamb\u00e9m deixar um deles ligado direto para dar uma colorida no som e empurrar nos solos com o outro. A proposta do Continuum \u00e9 trazer aquela atmosfera que quem \u00e9 f\u00e3 de John Mayer, \u00e9 claro. Mas se voc\u00ea n\u00e3o \u00e9 l\u00e1 t\u00e3o chegado no som do cara, lembre que o Continuum \u00e9 uma oportunidade de ter num \u00fanico pedal os dois overdrives mais ic\u00f4nicos da hist\u00f3ria.<\/p>\n<p class=\"ui-pdp-family--REGULAR ui-pdp-list__text\"><strong><span class=\"ui-pdp-color--BLACK ui-pdp-size--XSMALL ui-pdp-family--BOLD\">Tens\u00e3o de opera\u00e7\u00e3o<\/span>:<\/strong> 9V<br \/>\n<strong><span class=\"ui-pdp-color--BLACK ui-pdp-size--XSMALL ui-pdp-family--BOLD\">Tipos de alimenta\u00e7\u00e3o<\/span>:<\/strong> Adaptador<br \/>\n<strong><span class=\"ui-pdp-color--BLACK ui-pdp-size--XSMALL ui-pdp-family--BOLD\">Dimens\u00f5es AxLxP (cm): <\/span><\/strong><span class=\"ui-pdp-color--BLACK ui-pdp-size--XSMALL ui-pdp-family--BOLD\">11x6x4<\/span><\/p>\n<p><strong>Prazos:<\/strong><br \/>\n<strong>Compensa\u00e7\u00e3o de pagamento:<\/strong> at\u00e9 2 dias \u00fateis<br \/>\n<strong>Produ\u00e7\u00e3o:<\/strong> at\u00e9 30 dias \u00fateis<br \/>\n<strong>Entrega:<\/strong> de acordo com o tipo de frete escolhido<\/p>\n<p><strong><em>Obs.: As cores e detalhes dos produtos podem sofrer altera\u00e7\u00f5es de tonalidade e textura dependendo da calibra\u00e7\u00e3o de seu monitor, visor e do lote de materiais de nossos fornecedores.<\/em><\/strong><\/p>\n","protected":false},"featured_media":1362,"template":"","meta":{"_acf_changed":false},"product_brand":[],"product_cat":[125,126,123],"product_tag":[48,47,46,45,40,36,38,50,49],"class_list":{"0":"post-349","1":"product","2":"type-product","3":"status-publish","4":"has-post-thumbnail","6":"product_cat-boost","7":"product_cat-buffer","8":"product_cat-overdrive","9":"product_tag-continuum","10":"product_tag-ibanez-ts10","11":"product_tag-john-mayer","12":"product_tag-john-mayer-in-a-box","13":"product_tag-klon","14":"product_tag-klon-centaur","15":"product_tag-overdrive","16":"product_tag-stevie-ray-vaughan","17":"product_tag-ts10","19":"first","20":"instock","21":"taxable","22":"shipping-taxable","23":"purchasable","24":"product-type-simple"},"acf":[],"_links":{"self":[{"href":"https:\/\/collateralfx.com\/br\/wp-json\/wp\/v2\/product\/349","targetHints":{"allow":["GET"]}}],"collection":[{"href":"https:\/\/collateralfx.com\/br\/wp-json\/wp\/v2\/product"}],"about":[{"href":"https:\/\/collateralfx.com\/br\/wp-json\/wp\/v2\/types\/product"}],"wp:featuredmedia":[{"embeddable":true,"href":"https:\/\/collateralfx.com\/br\/wp-json\/wp\/v2\/media\/1362"}],"wp:attachment":[{"href":"https:\/\/collateralfx.com\/br\/wp-json\/wp\/v2\/media?parent=349"}],"wp:term":[{"taxonomy":"product_brand","embeddable":true,"href":"https:\/\/collateralfx.com\/br\/wp-json\/wp\/v2\/product_brand?post=349"},{"taxonomy":"product_cat","embeddable":true,"href":"https:\/\/collateralfx.com\/br\/wp-json\/wp\/v2\/product_cat?post=349"},{"taxonomy":"product_tag","embeddable":true,"href":"https:\/\/collateralfx.com\/br\/wp-json\/wp\/v2\/product_tag?post=349"}],"curies":[{"name":"wp","href":"https:\/\/api.w.org\/{rel}","templated":true}]}}