{"id":2294,"date":"2026-05-05T14:04:03","date_gmt":"2026-05-05T17:04:03","guid":{"rendered":"https:\/\/collateralfx.com\/br\/?post_type=product&#038;p=2294"},"modified":"2026-05-05T14:26:11","modified_gmt":"2026-05-05T17:26:11","slug":"p030-morpho-chorus","status":"publish","type":"product","link":"https:\/\/collateralfx.com\/br\/pedais\/p030-morpho-chorus\/","title":{"rendered":"P030 &#8211; Morpho Chorus"},"content":{"rendered":"<h2>Morpho Chorus<\/h2>\n<p><strong>Princ\u00edpio ativo<\/strong> \u2013 rar\u00edssimos BBD MN3007 para toda a profundidade e riqueza do cl\u00e1ssico chorus anal\u00f3gico.<\/p>\n<p><strong>Indicado para \u2013<\/strong> amantes do Chorus que desejam a sonoridade rica e a opera\u00e7\u00e3o intuitiva do ic\u00f4nico e cl\u00e1ssico Chorus azul.<\/p>\n<p>Poucas palavras s\u00e3o necess\u00e1rias para descrever o impacto do CE-2, a maior refer\u00eancia em timbres de Chorus na hist\u00f3ria da guitarra. Este pedal n\u00e3o apenas introduziu a categoria de pedais de Chorus compactos, como tamb\u00e9m se tornou um \u00edcone, eternizado nas grava\u00e7\u00f5es e apresenta\u00e7\u00f5es de artistas lend\u00e1rios, como David Gilmour, Johnny Marr, James Hetfield e John Mayer, desde o final dos anos 70 at\u00e9 os dias de hoje.<\/p>\n<p>Morpho \u00e9 uma alus\u00e3o a um genus de grandes borboletas de asas azuis vibrantes. O voo das borboletas \u00e9 mais suave e contemplativo, refletindo o controle de Speed do Morpho (assim como o do Boss CE-2), que oferece um alcance mais moderado em compara\u00e7\u00e3o ao voo da lib\u00e9lula que inspirou o Demoiselle da Collateral FX. O circuito do Morpho Chorus \u00e9 fiel ao design do Boss CE-2, exceto pelo sistema de bypass, e utiliza o mesmo BBD lend\u00e1rio e raro, o MN3007, fabricado pela Matsushita. Para melhorar ainda mais a experi\u00eancia sonora, escolhi um Opamp mais moderno e silencioso na parte de \u00eanfase e d\u00ea-\u00eanfase do Chorus, al\u00e9m de resistores e capacitores de precis\u00e3o, garantindo menor varia\u00e7\u00e3o sonora entre cada unidade do Morpho.<\/p>\n<p>Ao adquirir o Morpho Chorus, voc\u00ea receber\u00e1 um pedal novo, cuidadosamente constru\u00eddo e calibrado para oferecer modula\u00e7\u00e3o e sonoridade que competem com as melhores unidades do Boss CE-2 que j\u00e1 analisei. Isso se traduz em opera\u00e7\u00e3o confi\u00e1vel e silenciosa, sustentada pela robustez e qualidade que h\u00e1 duas d\u00e9cadas caracterizam o nome \u201cCollateral FX\u201d.<\/p>\n<p>Devido \u00e0 extrema raridade de alguns componentes utilizados, o Morpho Chorus ser\u00e1 produzido em quantidades limitadas e pode ser descontinuado a qualquer momento, assim que as fontes desses materiais se esgotarem. N\u00e3o perca a chance de agregar \u00e0 sua cole\u00e7\u00e3o\/arsenal essa preciosa e rara pe\u00e7a da hist\u00f3ria da guitarra.<\/p>\n<p><strong>Tens\u00e3o de opera\u00e7\u00e3o:<\/strong> 9-12v<br \/>\n<strong>Instrumentos compat\u00edveis:<\/strong> Guitarra el\u00e9trica \/ Baixo<br \/>\n<strong>Tipos de efeitos: <\/strong><a href=\"https:\/\/collateralfx.com\/br\/categoria-produto\/chorus\/\">Chorus<\/a><br \/>\n<strong><span class=\"ui-pdp-color--BLACK ui-pdp-size--XSMALL ui-pdp-family--BOLD\">Tipos de alimenta\u00e7\u00e3o<\/span>:<\/strong> Adaptador<br \/>\n<strong><span class=\"ui-pdp-color--BLACK ui-pdp-size--XSMALL ui-pdp-family--BOLD\">Dimens\u00f5es AxLxP (cm):\u00a0<\/span><\/strong><\/p>\n<p><strong>Prazos:<\/strong><br \/>\n<strong>Compensa\u00e7\u00e3o de pagamento:<\/strong> at\u00e9 2 dias \u00fateis<br \/>\n<strong>Produ\u00e7\u00e3o:<\/strong> at\u00e9 10 dias \u00fateis<br \/>\n<strong>Entrega:<\/strong> de acordo com o tipo de frete escolhido<\/p>\n<p><strong>Obs.: As cores e detalhes dos produtos podem sofrer altera\u00e7\u00f5es de tonalidade e textura dependendo da calibra\u00e7\u00e3o de seu monitor, visor e do lote de materiais de nossos fornecedores.<\/strong><\/p>\n<p>&nbsp;<\/p>\n<h2>V\u00eddeos:<\/h2>\n<p>&nbsp;<\/p>\n","protected":false},"excerpt":{"rendered":"<p data-path-to-node=\"1\">O <b data-path-to-node=\"0\" data-index-in-node=\"2\">Morpho Chorus<\/b>, da Collateral FX, \u00e9 uma recria\u00e7\u00e3o fiel e aprimorada do lend\u00e1rio Boss CE-2, a maior refer\u00eancia de Chorus na hist\u00f3ria da guitarra. Utilizando o raro e ic\u00f4nico chip BBD MN3007 da Matsushita, o pedal reproduz com precis\u00e3o o timbre cl\u00e1ssico imortalizado por artistas como David Gilmour e John Mayer.<\/p>\n<p data-path-to-node=\"1\">Diferente do original, o Morpho Chorus traz componentes modernos e de alta precis\u00e3o que garantem uma opera\u00e7\u00e3o mais silenciosa, confi\u00e1vel e consistente entre as unidades. Por depender de componentes extremamente raros e de estoque limitado, o <b data-path-to-node=\"0\" data-index-in-node=\"547\">Morpho Chorus<\/b> \u00e9 uma pe\u00e7a exclusiva de tiragem restrita, oferecendo a robustez caracter\u00edstica da Collateral FX para quem busca a sonoridade definitiva do Chorus vintage em um formato duradouro.<\/p>\n","protected":false},"featured_media":2295,"template":"","meta":{"_acf_changed":false},"product_brand":[],"product_cat":[123,125,122],"product_tag":[172,171,26,173],"class_list":{"0":"post-2294","1":"product","2":"type-product","3":"status-publish","4":"has-post-thumbnail","6":"product_cat-overdrive","7":"product_cat-boost","8":"product_cat-distortion","9":"product_tag-bbd-mn3007","10":"product_tag-boss-ce-2","11":"product_tag-chorus","12":"product_tag-matsushita","14":"first","15":"instock","16":"taxable","17":"shipping-taxable","18":"purchasable","19":"product-type-simple"},"acf":[],"_links":{"self":[{"href":"https:\/\/collateralfx.com\/br\/wp-json\/wp\/v2\/product\/2294","targetHints":{"allow":["GET"]}}],"collection":[{"href":"https:\/\/collateralfx.com\/br\/wp-json\/wp\/v2\/product"}],"about":[{"href":"https:\/\/collateralfx.com\/br\/wp-json\/wp\/v2\/types\/product"}],"wp:featuredmedia":[{"embeddable":true,"href":"https:\/\/collateralfx.com\/br\/wp-json\/wp\/v2\/media\/2295"}],"wp:attachment":[{"href":"https:\/\/collateralfx.com\/br\/wp-json\/wp\/v2\/media?parent=2294"}],"wp:term":[{"taxonomy":"product_brand","embeddable":true,"href":"https:\/\/collateralfx.com\/br\/wp-json\/wp\/v2\/product_brand?post=2294"},{"taxonomy":"product_cat","embeddable":true,"href":"https:\/\/collateralfx.com\/br\/wp-json\/wp\/v2\/product_cat?post=2294"},{"taxonomy":"product_tag","embeddable":true,"href":"https:\/\/collateralfx.com\/br\/wp-json\/wp\/v2\/product_tag?post=2294"}],"curies":[{"name":"wp","href":"https:\/\/api.w.org\/{rel}","templated":true}]}}