{"id":2289,"date":"2026-05-05T12:18:55","date_gmt":"2026-05-05T15:18:55","guid":{"rendered":"https:\/\/collateralfx.com\/br\/?post_type=product&#038;p=2289"},"modified":"2026-05-05T16:08:08","modified_gmt":"2026-05-05T19:08:08","slug":"p029-ring-system-overdrive","status":"publish","type":"product","link":"https:\/\/collateralfx.com\/br\/pedais\/p029-ring-system-overdrive\/","title":{"rendered":"P029 &#8211; Ring System Overdrive"},"content":{"rendered":"<h2>Ring System Overdrive<\/h2>\n<p><strong>Princ\u00edpio ativo<\/strong> \u2013 Opamp MOSFET Rail to Rail e equalizador de tr\u00eas bandas.<\/p>\n<p><strong>Indicado para \u2013<\/strong> guitarristas que buscam grande versatilidade em um overdrive, que soe bem tamb\u00e9m com guitarras de voicing mais magro, bem como para curiosos e colecionadores de circuitos raros e que adoram exclusividade.<\/p>\n<p>A s\u00e9rie \u201c10\u201d da Ibanez destaca-se n\u00e3o apenas pela sua brevidade de produ\u00e7\u00e3o, mas tamb\u00e9m por surgir em uma \u00e9poca marcada pela intensa concorr\u00eancia nos mercados norte-americano e japon\u00eas. Infelizmente, essa linha tamb\u00e9m ficou famosa pelos problemas enfrentados com os footswitches, que eram notoriamente fr\u00e1geis. Contudo, essa fragilidade n\u00e3o conseguiu ofuscar o brilho de todos os pedais dessa s\u00e9rie, muitos dos quais eram varia\u00e7\u00f5es de circuitos cl\u00e1ssicos da Ibanez \u2014 como o TS10, que \u00e9 extremamente similar \u00e0s vers\u00f5es anteriores do renomado Tube Screamer. O pedal ganhou notoriedade e valor no mercado ap\u00f3s se tornar uma pe\u00e7a favorita de John Mayer.<\/p>\n<p>Por outro lado, o MT10 (Mostortion) se destaca por seu design \u00fanico, apresentando um equalizador de tr\u00eas bandas que foge dos padr\u00f5es habituais da marca. Embora n\u00e3o tenha alcan\u00e7ado o mesmo renome de seu irm\u00e3o verde mais nobre, o MT10 conquistou a aten\u00e7\u00e3o de diversos produtores e guitarristas de est\u00fadio, especialmente no cen\u00e1rio Country em Nashville, onde \u00e9 considerado um pedal extremamente vers\u00e1til, com uma sonoridade rica em graves. Ele se combina harmoniosamente com Telecasters, Gretschs e outros instrumentos do g\u00eanero.<\/p>\n<p>Curiosamente, o Mostortion n\u00e3o \u00e9 um pedal de distor\u00e7\u00e3o de alto ganho, mas um overdrive com uma riqueza e complexidade sonoras excepcionais. Ele oferece um timbre low\/mid gain brilhante e uma tonalidade abrasiva quando utilizado em seu ganho m\u00e1ximo.<\/p>\n<p>O Ring System Overdrive eleva essa experi\u00eancia sonora ao reproduzir fielmente o circuito do Mostortion, substituindo seu sistema de switching fragil por uma robusta e confi\u00e1vel 3PDT, garantindo uma opera\u00e7\u00e3o True Bypass moderna. O cora\u00e7\u00e3o do timbre do Mostortion permanece inalterado nesta nova vers\u00e3o: o rar\u00edssimo e descontinuado Opamp MOSFET CA3260, fabricado pela Harris\/Intersil, e os igualmente raros diodos MA165 da Toshiba. A extrema escassez desses componentes \u00e9 o que torna dif\u00edcil a disponibilidade de clones fi\u00e9is ao circuito original.<\/p>\n<p>H\u00e1 alguns anos, tive a oportunidade de adquirir cerca de 20 unidades do CA3260 e aproximadamente 100 diodos originais, de modo que cada pedal utilizaria um Opamp e um conjunto quarteto desses diodos. Contudo, essa quantidade limitada me levou a adiar o lan\u00e7amento por v\u00e1rios anos, na esperan\u00e7a de obter mais componentes. Decidi, ent\u00e3o, abrir m\u00e3o dessa busca e apresentar o Ring System Overdrive como um pedal de tiragem limitada: ser\u00e3o aproximadamente 20 unidades, numeradas e assinadas por mim.<\/p>\n<p>Esta \u00e9 uma oportunidade rara para adquirir uma r\u00e9plica exata do circuito que oferece um overdrive rico em graves. Com um controle de m\u00e9dios que varia entre um scoop caracter\u00edstico dos amplificadores Fender e m\u00e9dios mais presentes, aliada a um vers\u00e1til controle de agudos que permite dosar o brilho t\u00edpico de seu Opamp Rail-to-Rail. O volume \u00e9 suficiente para empurrar qualquer amplificador ou simulador dispon\u00edvel no mercado, e o controle de ganho \u00e9 admir\u00e1vel, proporcionando desde um boost quase limpo at\u00e9 um rico crunch. Aproveite essa chance singular de possuir um peda\u00e7o da hist\u00f3ria da guitarra, com a qualidade e robustez garantidos pela Collateral FX!<\/p>\n<p><strong>Tens\u00e3o de opera\u00e7\u00e3o:<\/strong> 9v<br \/>\n<strong>Instrumentos compat\u00edveis:<\/strong> Guitarra el\u00e9trica \/ Baixo<br \/>\n<strong>Tipos de efeitos: <\/strong><a href=\"https:\/\/collateralfx.com\/br\/categoria-produto\/boost\/\">Boost<\/a> \/ <a href=\"https:\/\/collateralfx.com\/br\/categoria-produto\/overdrive\/\">Overdrive<\/a> \/ <a href=\"https:\/\/collateralfx.com\/br\/categoria-produto\/distortion\/\">Distortion<\/a><br \/>\n<strong><span class=\"ui-pdp-color--BLACK ui-pdp-size--XSMALL ui-pdp-family--BOLD\">Tipos de alimenta\u00e7\u00e3o<\/span>:<\/strong> Adaptador<br \/>\n<strong><span class=\"ui-pdp-color--BLACK ui-pdp-size--XSMALL ui-pdp-family--BOLD\">Dimens\u00f5es AxLxP (cm):\u00a0<\/span><\/strong><\/p>\n<p><strong>Prazos:<\/strong><br \/>\n<strong>Compensa\u00e7\u00e3o de pagamento:<\/strong> at\u00e9 2 dias \u00fateis<br \/>\n<strong>Produ\u00e7\u00e3o:<\/strong> at\u00e9 10 dias \u00fateis<br \/>\n<strong>Entrega:<\/strong> de acordo com o tipo de frete escolhido<\/p>\n<p><strong>Obs.: As cores e detalhes dos produtos podem sofrer altera\u00e7\u00f5es de tonalidade e textura dependendo da calibra\u00e7\u00e3o de seu monitor, visor e do lote de materiais de nossos fornecedores.<\/strong><\/p>\n<p>&nbsp;<\/p>\n<h2>V\u00eddeos:<\/h2>\n<p><iframe title=\"Collateral FX Ring System (Mostortion clone) \" width=\"1170\" height=\"658\" src=\"https:\/\/www.youtube.com\/embed\/KpEsQF8y9Oo?feature=oembed\" frameborder=\"0\" allow=\"accelerometer; autoplay; clipboard-write; encrypted-media; gyroscope; picture-in-picture; web-share\" referrerpolicy=\"strict-origin-when-cross-origin\" allowfullscreen><\/iframe><\/p>\n<p>&nbsp;<\/p>\n","protected":false},"excerpt":{"rendered":"<p data-path-to-node=\"1\">O <b data-path-to-node=\"0\" data-index-in-node=\"2\">Ring System Overdrive<\/b>, desenvolvido pela Collateral FX, \u00e9 uma recria\u00e7\u00e3o fiel e aprimorada do cl\u00e1ssico Ibanez MT10 Mostortion, um circuito lend\u00e1rio nos est\u00fadios de Nashville.<\/p>\n<p data-path-to-node=\"1\">Este pedal entrega um timbre <i data-path-to-node=\"0\" data-index-in-node=\"205\">low\/mid gain<\/i> extremamente vers\u00e1til e rico em graves, destacando-se por seu equalizador de tr\u00eas bandas que vai de <i data-path-to-node=\"0\" data-index-in-node=\"318\">scoops<\/i> cl\u00e1ssicos a m\u00e9dios mais agressivos. Para superar a not\u00f3ria fragilidade dos <i data-path-to-node=\"0\" data-index-in-node=\"400\">footswitches<\/i> da s\u00e9rie &#8220;10&#8221; da Ibanez, o Ring System Overdrive foi modernizado com uma chave 3PDT robusta em sistema True Bypass.<\/p>\n<p data-path-to-node=\"1\">O cora\u00e7\u00e3o de sua sonoridade aut\u00eantica est\u00e1 no uso dos componentes originais raros e descontinuados, como o Opamp MOSFET CA3260 e os diodos MA165 da Toshiba. Devido \u00e0 escassez global dessas pe\u00e7as, o <b data-path-to-node=\"0\" data-index-in-node=\"727\">Ring System Overdrive<\/b> \u00e9 uma edi\u00e7\u00e3o hist\u00f3rica e ultra-limitada a cerca de 20 unidades assinadas e numeradas, oferecendo uma oportunidade \u00fanica de ter esse timbre lend\u00e1rio com m\u00e1xima confiabilidade.<\/p>\n","protected":false},"featured_media":2290,"template":"","meta":{"_acf_changed":false},"product_brand":[],"product_cat":[123,125,122],"product_tag":[169,170,38,88],"class_list":{"0":"post-2289","1":"product","2":"type-product","3":"status-publish","4":"has-post-thumbnail","6":"product_cat-overdrive","7":"product_cat-boost","8":"product_cat-distortion","9":"product_tag-ibanez-mt10-mostortion","10":"product_tag-mosfet-ca3260","11":"product_tag-overdrive","12":"product_tag-true-bypass","14":"first","15":"instock","16":"taxable","17":"shipping-taxable","18":"purchasable","19":"product-type-simple"},"acf":[],"_links":{"self":[{"href":"https:\/\/collateralfx.com\/br\/wp-json\/wp\/v2\/product\/2289","targetHints":{"allow":["GET"]}}],"collection":[{"href":"https:\/\/collateralfx.com\/br\/wp-json\/wp\/v2\/product"}],"about":[{"href":"https:\/\/collateralfx.com\/br\/wp-json\/wp\/v2\/types\/product"}],"wp:featuredmedia":[{"embeddable":true,"href":"https:\/\/collateralfx.com\/br\/wp-json\/wp\/v2\/media\/2290"}],"wp:attachment":[{"href":"https:\/\/collateralfx.com\/br\/wp-json\/wp\/v2\/media?parent=2289"}],"wp:term":[{"taxonomy":"product_brand","embeddable":true,"href":"https:\/\/collateralfx.com\/br\/wp-json\/wp\/v2\/product_brand?post=2289"},{"taxonomy":"product_cat","embeddable":true,"href":"https:\/\/collateralfx.com\/br\/wp-json\/wp\/v2\/product_cat?post=2289"},{"taxonomy":"product_tag","embeddable":true,"href":"https:\/\/collateralfx.com\/br\/wp-json\/wp\/v2\/product_tag?post=2289"}],"curies":[{"name":"wp","href":"https:\/\/api.w.org\/{rel}","templated":true}]}}