{"id":1826,"date":"2026-02-21T18:35:22","date_gmt":"2026-02-21T21:35:22","guid":{"rendered":"https:\/\/collateralfx.com\/br\/?post_type=product&#038;p=1826"},"modified":"2026-02-21T19:55:23","modified_gmt":"2026-02-21T22:55:23","slug":"p028-palindrome-overdrive-boost","status":"publish","type":"product","link":"https:\/\/collateralfx.com\/br\/pedais\/p028-palindrome-overdrive-boost\/","title":{"rendered":"P028 &#8211; Palindrome Overdrive \/ Boost"},"content":{"rendered":"<h2>Palindrome Overdrive \/ Boost<\/h2>\n<p><strong>Princ\u00edpio ativo<\/strong> \u2013 o Palindrome Overdrive \/ Boost oferece dois canais de overdrive iguais, com a possibilidade de somar ambos lados &#8211; oferecendo uma versatilidade incr\u00edvel: boost limpo, treble boost, crunch suave, overdrive, distortion, overdrive seguido por boost limpo, sonoridades aveludadas com os agudos e m\u00e9dios agudos velados &#8211; de acordo com a necessidade do guitarrista.<\/p>\n<p><strong>Indicado para \u2013<\/strong> guitarristas de praticamente qualquer g\u00eanero musical, do Jazz ao hard rock. Seu voicing aberto somado as muitas possibilidades de textura em suas v\u00e1rias configura\u00e7\u00f5es de clipagem tornam o Palindrome um verdadeiro canivete su\u00ed\u00e7o.<\/p>\n<p>O Palindrome Overdrive \/ Boost foi um dos primeiros hits da Collateral FX, trazendo uma releitura autoral e modernizada do pedal Marshall Blues Breaker. A sonoridade excessivamente brilhante do pedal original aqui pode ser somada com seu controle de Presence, e sua estrutura de ganho foi expandida. \u00c9 poss\u00edvel desativar a clipagem por diodos, oferecendo um poderoso Clean boost em ambos canais, ativar o soft clipping &#8211; para ter a sonoridade cl\u00e1ssica do original &#8211; e ligar o hard clipping para timbres mais comprimidos, ou mesmo somar as duas op\u00e7\u00f5es de diodos para n\u00edveis ainda maiores de ganho.<\/p>\n<p>Qualquer um dos lados pode ser pr\u00e9-configurado com as caracter\u00edsticas que voc\u00ea preferir, se adequando ao seu setup e estilo musical. Seu voicing aberto \u00e9 distinto dos derivados do Tube Screamer, oferecendo uma sonoridade com menos m\u00e9dios e mais brilho, sendo perfeito para tocar acordes cheios e trazer muita defini\u00e7\u00e3o para o canal limpo ou sujo de seu amplificador.<\/p>\n<p>Seu voicing e funcionamento incrivelmente vers\u00e1til tornam o Palindrome uma poderosa ferramenta no set de qualquer guitarrista.<\/p>\n<p><strong>Tens\u00e3o de opera\u00e7\u00e3o:<\/strong> 9v &#8211; 18v<br \/>\n<strong>Instrumentos compat\u00edveis:<\/strong> Guitarra el\u00e9trica<br \/>\n<strong>Tipos de efeitos: <\/strong><a href=\"https:\/\/collateralfx.com\/br\/?s=overdrive\">Overdrive<\/a> \/ <a href=\"https:\/\/collateralfx.com\/br\/?s=boost\">Boost<\/a><br \/>\n<strong><span class=\"ui-pdp-color--BLACK ui-pdp-size--XSMALL ui-pdp-family--BOLD\">Tipos de alimenta\u00e7\u00e3o<\/span>:<\/strong> Adaptador<br \/>\n<strong><span class=\"ui-pdp-color--BLACK ui-pdp-size--XSMALL ui-pdp-family--BOLD\">Dimens\u00f5es AxLxP (cm): <\/span><\/strong><span class=\"ui-pdp-color--BLACK ui-pdp-size--XSMALL ui-pdp-family--BOLD\">11x6x4<\/span><\/p>\n<p><strong>Prazos:<\/strong><br \/>\n<strong>Compensa\u00e7\u00e3o de pagamento:<\/strong> at\u00e9 2 dias \u00fateis<br \/>\n<strong>Produ\u00e7\u00e3o:<\/strong> at\u00e9 10 dias \u00fateis<br \/>\n<strong>Entrega:<\/strong> de acordo com o tipo de frete escolhido<\/p>\n<p><strong>Obs.: As cores e detalhes dos produtos podem sofrer altera\u00e7\u00f5es de tonalidade e textura dependendo da calibra\u00e7\u00e3o de seu monitor, visor e do lote de materiais de nossos fornecedores.<\/strong><\/p>\n","protected":false},"excerpt":{"rendered":"<p>O Bluesbreaker foi um pedal lan\u00e7ado pela Marshall em 1991, apresentando uma topologia at\u00e9 ent\u00e3o nova no mundo dos pedais e oferecendo um voicing mais natural &#8211; sem os m\u00e9dios nasais dos Tube Screamer e derivados que ent\u00e3o dominavam o mercado, tentando trazer a sonoridade do amplificador de mesmo nome lan\u00e7ado em 1962 pela marca. Entretanto o pedal n\u00e3o possu\u00eda uma grande flexibilidade em rela\u00e7\u00e3o a timbres e proporcionava um boost de volume e ganho bastante limitados.<\/p>\n<p>Quase duas d\u00e9cadas depois, o pedal passou a ser revisitado por handmakers norte americanos, com resultados incr\u00edveis como o Analogman King of Tone e JHS Morning Glory. O Bluesbreaker acabou caindo nas gra\u00e7as de alguns guitarristas famosos, como John Mayer, e o pedal &#8211; que por mais de uma d\u00e9cada fora ignorado pelo universo guitarristico, virou item de colecionador atingindo pre\u00e7os estrondosos.<\/p>\n<p>O Palindrome Overdrive \/ Boost tr\u00e1s a sonoridade cl\u00e1ssica do Blues Breaker, expandindo suas possibilidades sonoras com dois switches internos para desligar ou ligar soft clipping (que permite que parte do sinal limpo passe pelo pedal sem ser distorcido e comprimido, oferecendo um elevado headroom) e\/ou hard clipping (distorcendo o sinal em sua totalidade e oferecendo um voicing mais comprimido e com mais sustain), al\u00e9m de ter um recovery stage junto do controle de tone, oferecendo um volume de sa\u00edda consideravelmente maior que o do Bluesbreaker original, al\u00e9m de ser <a href=\"https:\/\/www.reddit.com\/r\/guitarpedals\/comments\/4zmjix\/true_bypass_vs_buffered_pedals\/?tl=pt-br\">true bypass<\/a>.<\/p>\n<p>Os dois lados do pedal s\u00e3o iguais, mas podem ser configurados de maneira totalmente diferente, para que um lado possa ser um boost de ganho do outro, boost de ganho ou mesmo oferecendo tr\u00eas n\u00edveis de overdrive diferentes, selecionando entre os canais ou somando ambos.<\/p>\n","protected":false},"featured_media":1830,"template":"","meta":{"_acf_changed":false},"product_brand":[],"product_cat":[125,123],"product_tag":[165,164,95,166,38,167],"class_list":{"0":"post-1826","1":"product","2":"type-product","3":"status-publish","4":"has-post-thumbnail","6":"product_cat-boost","7":"product_cat-overdrive","8":"product_tag-analogman-king-of-tone","9":"product_tag-bluesbreaker","10":"product_tag-boost","11":"product_tag-jhs-morning-glory","12":"product_tag-overdrive","13":"product_tag-treble-boost","15":"first","16":"instock","17":"taxable","18":"shipping-taxable","19":"purchasable","20":"product-type-simple"},"acf":[],"_links":{"self":[{"href":"https:\/\/collateralfx.com\/br\/wp-json\/wp\/v2\/product\/1826","targetHints":{"allow":["GET"]}}],"collection":[{"href":"https:\/\/collateralfx.com\/br\/wp-json\/wp\/v2\/product"}],"about":[{"href":"https:\/\/collateralfx.com\/br\/wp-json\/wp\/v2\/types\/product"}],"wp:featuredmedia":[{"embeddable":true,"href":"https:\/\/collateralfx.com\/br\/wp-json\/wp\/v2\/media\/1830"}],"wp:attachment":[{"href":"https:\/\/collateralfx.com\/br\/wp-json\/wp\/v2\/media?parent=1826"}],"wp:term":[{"taxonomy":"product_brand","embeddable":true,"href":"https:\/\/collateralfx.com\/br\/wp-json\/wp\/v2\/product_brand?post=1826"},{"taxonomy":"product_cat","embeddable":true,"href":"https:\/\/collateralfx.com\/br\/wp-json\/wp\/v2\/product_cat?post=1826"},{"taxonomy":"product_tag","embeddable":true,"href":"https:\/\/collateralfx.com\/br\/wp-json\/wp\/v2\/product_tag?post=1826"}],"curies":[{"name":"wp","href":"https:\/\/api.w.org\/{rel}","templated":true}]}}