{"id":1417,"date":"2025-09-26T20:20:11","date_gmt":"2025-09-26T23:20:11","guid":{"rendered":"https:\/\/collateralfx.com\/br\/?post_type=product&#038;p=1417"},"modified":"2026-04-08T18:13:24","modified_gmt":"2026-04-08T21:13:24","slug":"p026-banana-fuzz","status":"publish","type":"product","link":"https:\/\/collateralfx.com\/br\/pedais\/p026-banana-fuzz\/","title":{"rendered":"P026 &#8211; Banana Fuzz"},"content":{"rendered":"<h2>Banana Fuzz<\/h2>\n<p><strong>Princ\u00edpio ativo<\/strong> \u2013 O Banana Fuzz possui um par de transistores de germ\u00e2nio cuidadosamente selecionados para a melhor performance e timbres em clima tropical &#8211; ou <a href=\"https:\/\/www.reddit.com\/r\/askscience\/comments\/20m7d4\/why_do_we_use_silicon_in_transistors\/\" target=\"_blank\" rel=\"noopener\">transistores de sil\u00edcio,<\/a> que n\u00e3o mudam suas caracter\u00edsticas com altera\u00e7\u00f5es na temperatura.<\/p>\n<p><strong>Indicado para \u2013<\/strong> Guitarristas exigentes que buscam um <a href=\"https:\/\/collateralfx.com\/br\/categoria-produto\/fuzz\/\" target=\"_blank\" rel=\"noopener\">fuzz<\/a> cheio de mojo, personalidade e hist\u00f3ria, mas que soe bem em clima tropical.<\/p>\n<p>O Banana Fuzz tem tudo que os fuzzes mais caros e idolatrados produzidos no exterior tem: resistores Carbon Comp 1\/2W (aqui selecionados por mim com toler\u00e2ncia de 5%), capacites axiais NOS (Philips ou Siemens), controle externo de Bias e transistores de germ\u00e2nio dos anos 60 ou 70 (Toshiba, Matsushita, Texas Instruments e outros).<\/p>\n<p>A grande diferen\u00e7a est\u00e1 na forma como a sele\u00e7\u00e3o desses transistores \u00e9 feita: s\u00e3o cuidadosamente testados e escolhidos de acordo com seu ganho e fuga de corrente &#8211; levando em considera\u00e7\u00e3o nosso clima tropical. E acredite: a temperatura ambiente faz TOTAL diferen\u00e7a no comportamento e sonoridade de um transistor de germ\u00e2nio &#8211; quando a temperatura \u00e9 mais alta, a fuga de corrente interna aumenta, o circuito fica mais ruidoso, o decay da nota fica mais gated e o pedal n\u00e3o limpa mais t\u00e3o bem quando voc\u00ea abaixa o controle de volume de seu instrumento. Ou seja, seu fuzz de germ\u00e2nio importado e caro n\u00e3o soa aqui da forma como ele foi feito para soar em um pa\u00eds de clima frio.<\/p>\n<p>Temos aqui um Fuzz feito utilizando os melhores componentes do mundo, mas atendendo \u00e0 nossa realidade clim\u00e1tica, oferecendo baix\u00edssimo n\u00edvel de ru\u00eddo, sustain incr\u00edvel, uma textura absurdamente musical e uma resposta din\u00e2mica e ao controle de volume da guitarra de dar inveja, chegando ao elusivo \u201cglass tone\u201d at\u00e9 com captadores de sa\u00edda mais quente.<\/p>\n<p>O Banana Fuzz, como todo bom derivado dos Fuzz Face, precisa estar logo no come\u00e7o de sua cadeia de sinal, antes de pedais com Buffers, sendo utilizado com um bom cabo e com uma guitarra com captadores passivos. A vers\u00e3o de germ\u00e2nio do Banana Fuzz deve ser alimentada com uma bateria (j\u00e1 inclu\u00edda no pedal) ou numa fonte com sa\u00eddas isoladas, por ter a polaridade invertida em rela\u00e7\u00e3o ao padr\u00e3o Boss.<\/p>\n<p><strong>Tens\u00e3o de opera\u00e7\u00e3o:<\/strong> -9v Germ\u00e2nio, +9v Sil\u00edcio<br \/>\n<strong>Instrumentos compat\u00edveis:<\/strong> Guitarra el\u00e9trica \/ Baixo<br \/>\n<strong>Tipos de efeitos:<\/strong> <a title=\"Fuzz\" href=\"https:\/\/collateralfx.com\/br\/categoria-produto\/fuzz\/\" target=\"_blank\" rel=\"noopener\"><span style=\"font-family: Roboto; color: #0a0a0a;\">Fuzz<\/span><\/a><br \/>\n<strong><span class=\"ui-pdp-color--BLACK ui-pdp-size--XSMALL ui-pdp-family--BOLD\">Tipos de alimenta\u00e7\u00e3o<\/span>:<\/strong> Adaptador ou bateria 9V<br \/>\n<strong><span class=\"ui-pdp-color--BLACK ui-pdp-size--XSMALL ui-pdp-family--BOLD\">Dimens\u00f5es AxLxP (cm): <\/span><\/strong><span class=\"ui-pdp-color--BLACK ui-pdp-size--XSMALL ui-pdp-family--BOLD\">11x6x4<\/span><\/p>\n<p><strong>Prazos:<\/strong><br \/>\n<strong>Compensa\u00e7\u00e3o de pagamento:<\/strong> at\u00e9 2 dias \u00fateis<br \/>\n<strong>Produ\u00e7\u00e3o:<\/strong> at\u00e9 30 dias \u00fateis<br \/>\n<strong>Entrega:<\/strong> de acordo com o tipo de frete escolhido<\/p>\n<p><strong>Obs.: As cores e detalhes dos produtos podem sofrer altera\u00e7\u00f5es de tonalidade e textura dependendo da calibra\u00e7\u00e3o de seu monitor, visor e do lote de materiais de nossos fornecedores.<\/strong><\/p>\n<p>&nbsp;<\/p>\n<h2>V\u00eddeos:<\/h2>\n<p><iframe title=\"Os novos Fuzz Face da Collateral FX! \/\/ Banana Fuzz Germanium\/ Silicio\" width=\"1170\" height=\"658\" src=\"https:\/\/www.youtube.com\/embed\/D97c7NtDgZo?feature=oembed\" frameborder=\"0\" allow=\"accelerometer; autoplay; clipboard-write; encrypted-media; gyroscope; picture-in-picture; web-share\" referrerpolicy=\"strict-origin-when-cross-origin\" allowfullscreen><\/iframe><\/p>\n<p><iframe title=\"BANANA FUZZ FACE COLLATERAL FX REVIEW NO TALKING\" width=\"1170\" height=\"658\" src=\"https:\/\/www.youtube.com\/embed\/DBgqznqFbnE?feature=oembed\" frameborder=\"0\" allow=\"accelerometer; autoplay; clipboard-write; encrypted-media; gyroscope; picture-in-picture; web-share\" referrerpolicy=\"strict-origin-when-cross-origin\" allowfullscreen><\/iframe><\/p>\n","protected":false},"excerpt":{"rendered":"<p data-path-to-node=\"0\">O Banana Fuzz surge como o sucessor natural e aprimorado do Foxey Face na linha cl\u00e1ssica da Collateral FX, sendo disponibilizado em duas vers\u00f5es ic\u00f4nicas para atender ao seu gosto: com transistores de germ\u00e2nio ou sil\u00edcio.<\/p>\n<p data-path-to-node=\"1\">Carregando em sua sele\u00e7\u00e3o de componentes o aut\u00eantico DNA dos lend\u00e1rios Fuzz Face das d\u00e9cadas de 60 e 70, o projeto utiliza itens de boutique como resistores Carbon Comp 1\/2W Allen Bradley, capacitores eletrol\u00edticos Philips BC e capacitores n\u00e3o polarizados Philips \u201cChiclet\u201d ou os desejados Tropical Fish. Al\u00e9m disso, conta com um par de transistores rigorosamente testados e selecionados a dedo para entregar o m\u00e1ximo de textura harm\u00f4nica, sustain infinito e um cleanup impec\u00e1vel, tudo isso com o menor n\u00edvel de ru\u00eddo poss\u00edvel.<\/p>\n<p data-path-to-node=\"2\">Consolidado como uma ferramenta de tom profissional de alt\u00edssimo e refinado n\u00edvel, o Banana Fuzz j\u00e1 \u00e9 pe\u00e7a essencial no pedalboard de alguns dos maiores e mais exigentes guitarristas do Brasil em palcos e est\u00fadios, e agora essa sonoridade de elite pode finalmente fazer parte do seu pr\u00f3prio arsenal para elevar sua criatividade musical!<\/p>\n","protected":false},"featured_media":1418,"template":"","meta":{"_acf_changed":false},"product_brand":[],"product_cat":[121,124,161],"product_tag":[28,62,158,117,159],"class_list":{"0":"post-1417","1":"product","2":"type-product","3":"status-publish","4":"has-post-thumbnail","6":"product_cat-fuzz","7":"product_cat-preamp","8":"product_cat-promocoes_de_janeiro","9":"product_tag-fuzz","10":"product_tag-fuzz-face","11":"product_tag-mojo","12":"product_tag-silicio","13":"product_tag-tropical","15":"first","16":"instock","17":"taxable","18":"shipping-taxable","19":"purchasable","20":"product-type-variable"},"acf":[],"_links":{"self":[{"href":"https:\/\/collateralfx.com\/br\/wp-json\/wp\/v2\/product\/1417","targetHints":{"allow":["GET"]}}],"collection":[{"href":"https:\/\/collateralfx.com\/br\/wp-json\/wp\/v2\/product"}],"about":[{"href":"https:\/\/collateralfx.com\/br\/wp-json\/wp\/v2\/types\/product"}],"wp:featuredmedia":[{"embeddable":true,"href":"https:\/\/collateralfx.com\/br\/wp-json\/wp\/v2\/media\/1418"}],"wp:attachment":[{"href":"https:\/\/collateralfx.com\/br\/wp-json\/wp\/v2\/media?parent=1417"}],"wp:term":[{"taxonomy":"product_brand","embeddable":true,"href":"https:\/\/collateralfx.com\/br\/wp-json\/wp\/v2\/product_brand?post=1417"},{"taxonomy":"product_cat","embeddable":true,"href":"https:\/\/collateralfx.com\/br\/wp-json\/wp\/v2\/product_cat?post=1417"},{"taxonomy":"product_tag","embeddable":true,"href":"https:\/\/collateralfx.com\/br\/wp-json\/wp\/v2\/product_tag?post=1417"}],"curies":[{"name":"wp","href":"https:\/\/api.w.org\/{rel}","templated":true}]}}