{"id":1336,"date":"2025-07-31T18:09:31","date_gmt":"2025-07-31T21:09:31","guid":{"rendered":"https:\/\/collateralfx.com\/br\/?post_type=product&#038;p=1336"},"modified":"2026-04-08T17:54:47","modified_gmt":"2026-04-08T20:54:47","slug":"lost-fingers-of-the-hand-of-doom","status":"publish","type":"product","link":"https:\/\/collateralfx.com\/br\/pedais\/lost-fingers-of-the-hand-of-doom\/","title":{"rendered":"P025 &#8211; The Lost Fingers of the Hand of Doom Booster"},"content":{"rendered":"<h2>The Lost Fingers of the Hand of Doom Booster<\/h2>\n<p><strong>Princ\u00edpio ativo<\/strong> \u2013 Um transistor de germ\u00e2nio cuidadosamente selecionado para adicionar textura em seu som limpo ou trazer clareza e ganho para seu amplificador j\u00e1 sujo.<\/p>\n<p><strong>Indicado para \u2013<\/strong>\u00a0Guitarristas que buscam cortar na mix e trazer mais sujeira para seu amplificador, enquanto limpa as frequ\u00eancias graves, ou quem busca um preamp cheio de personalidade para enriquecer seu timbre.<\/p>\n<p>O Lost Fingers of the Hand of Doom Booster \u00e9 um pedal que, em seu nome e sonoridade, homenageia o lend\u00e1rio Tony Iommi, guitarrista do Black Sabbath. Um dos timbres mais dif\u00edceis de replicar da hist\u00f3ria da guitarra, e isso se deve a diversos fatores. Dentre eles, est\u00e1 o uso do amplificador Laney Supergroup, rar\u00edssimo e descontinuado por v\u00e1rios anos, sendo saturado ao extremo por um Range Master.<\/p>\n<p>O Rangemaster \u00e9 um famoso treble booster de germ\u00e2nio, utilizado tamb\u00e9m por Brian May e Rory Gallagher &#8211; e seu nome afasta muitos usu\u00e1rios que nunca testaram o pedal. O que ele faz n\u00e3o \u00e9 exatamente um boost de agudos &#8211; ele corta graves, acentua os high mids e empurra o ganho, tanto por seu elevado volume de sa\u00edda quanto por clipar consideravelmente com seu transistor de germ\u00e2nio.<\/p>\n<p>O Lost Fingers of the Hand of Doom Booster moderniza e expande essa funcionalidade: utilizando um <a href=\"https:\/\/www.reddit.com\/r\/AskElectronics\/comments\/1kskwz7\/what_is_so_special_about_germanium_pnp_transistor\/?tl=pt-br\" target=\"_blank\" rel=\"noopener\">transistor de germ\u00e2nio NPN<\/a> (que permite a alimenta\u00e7\u00e3o com uma fonte padr\u00e3o Boss) selecionado para o menor n\u00edvel de ru\u00eddo &#8211; o pedal tamb\u00e9m conta com um controle de Range: no m\u00ednimo ele funciona como um Rangemaster original, e na medida em que vai sendo girado para a direita, vai permitindo que mais frequ\u00eancias graves passem pelo circuito, chegando a um full range boost. Isso torna o circuito mais abrangente para diversos voicings de guitarra e amplificador, podendo n\u00e3o apenas deixar seus timbres distorcidos mais tight e menos embolados, mas tamb\u00e9m empurrar todas as frequ\u00eancias de sua guitarra em diversas afina\u00e7\u00f5es.<\/p>\n<p>Al\u00e9m de tudo, quando utilizado em full range, serve como um excelente preamp para esquentar seu som e trazer toda a textura do transistor de germ\u00e2nio, com uma explos\u00e3o de harm\u00f4nicos complexos e uma leve compress\u00e3o. O circuito \u00e9 otimizado para ser utilizado logo ap\u00f3s sua guitarra, antes de buffers e de prefer\u00eancia sem um transmissor sem fio.<\/p>\n<p>O Lost Fingers of the Hand of Doom Booster \u00e9 um pedal feito com os melhores componentes do mercado, para os guitarristas mais exigentes e que buscam tirar os melhores timbres de seu instrumento e amplificador.<\/p>\n<p><strong>Tens\u00e3o de opera\u00e7\u00e3o:<\/strong> 9v<br \/>\n<strong>Instrumentos compat\u00edveis:<\/strong> Guitarra el\u00e9trica \/ Baixo<br \/>\n<strong>Tipos de efeitos:<\/strong> <a href=\"https:\/\/collateralfx.com\/br\/?s=boost+preamp\"><span style=\"font-family: Roboto; color: #0a0a0a;\">Boost \/ Preamp<\/span><\/a><br \/>\n<strong><span class=\"ui-pdp-color--BLACK ui-pdp-size--XSMALL ui-pdp-family--BOLD\">Tipos de alimenta\u00e7\u00e3o<\/span>:<\/strong> Adaptador<br \/>\n<strong><span class=\"ui-pdp-color--BLACK ui-pdp-size--XSMALL ui-pdp-family--BOLD\">Dimens\u00f5es AxLxP (cm):<\/span><\/strong><span class=\"ui-pdp-color--BLACK ui-pdp-size--XSMALL ui-pdp-family--BOLD\">6.5x13x9<\/span><\/p>\n<p><strong>Prazos:<\/strong><br \/>\n<strong>Compensa\u00e7\u00e3o de pagamento:<\/strong> at\u00e9 2 dias \u00fateis<br \/>\n<strong>Produ\u00e7\u00e3o:<\/strong> at\u00e9 10 dias \u00fateis<br \/>\n<strong>Entrega:<\/strong> de acordo com o tipo de frete escolhido<\/p>\n<p><strong>Obs.: As cores e detalhes dos produtos podem sofrer altera\u00e7\u00f5es de tonalidade e textura dependendo da calibra\u00e7\u00e3o de seu monitor, visor e do lote de materiais de nossos fornecedores.<\/strong><\/p>\n<p>&nbsp;<\/p>\n<h2>V\u00eddeos:<\/h2>\n<p><iframe title=\"Como USAR um pedal de BOOST !? Guia completo e F\u00e1cil mais DICAS Lost Fingers Collateral FX !\" width=\"1170\" height=\"658\" src=\"https:\/\/www.youtube.com\/embed\/nVgt6glhfIU?feature=oembed\" frameborder=\"0\" allow=\"accelerometer; autoplay; clipboard-write; encrypted-media; gyroscope; picture-in-picture; web-share\" referrerpolicy=\"strict-origin-when-cross-origin\" allowfullscreen><\/iframe><\/p>\n<p><strong>\u00a0<\/strong><\/p>\n","protected":false},"excerpt":{"rendered":"<p>Treble boosters s\u00e3o, talvez, o efeito mais injusti\u00e7ado e subestimado do universo da guitarra.<\/p>\n<p>O t\u00edtulo \u201ctreble booster\u201d da uma ideia errada e rasa sobre sua fun\u00e7\u00e3o: ele n\u00e3o vai deixar seu som extremamente agudo e magro &#8211; o que acontece \u00e9 que seus graves ficar\u00e3o bem mais definidos, seu som receber\u00e1 uma generosa dose de m\u00e9dios, dando uma enorme presen\u00e7a na mix para sua guitarra, e ir\u00e1 adicionar ricos harm\u00f4nicos e a distor\u00e7\u00e3o agrad\u00e1vel do germ\u00e2nio a seu som &#8211; podendo tamb\u00e9m ser utilizado como um boost ou preamp.<\/p>\n<p>Al\u00e9m disso, o controle de Range do Lost Fingers of the Hand of Doom Booster permite que ele v\u00e1 de um tradicional treble booster at\u00e9 um boost Full Range, sendo capaz at\u00e9 de produzir um overdrive crunchy extremamente din\u00e2mico.<\/p>\n","protected":false},"featured_media":1337,"template":"","meta":{"_acf_changed":false},"product_brand":[],"product_cat":[125,124,161],"product_tag":[95,100,118,156,90],"class_list":{"0":"post-1336","1":"product","2":"type-product","3":"status-publish","4":"has-post-thumbnail","6":"product_cat-boost","7":"product_cat-preamp","8":"product_cat-promocoes_de_janeiro","9":"product_tag-boost","10":"product_tag-doom","11":"product_tag-germanio","12":"product_tag-iommi","13":"product_tag-preamp","15":"first","16":"instock","17":"taxable","18":"shipping-taxable","19":"purchasable","20":"product-type-simple"},"acf":[],"_links":{"self":[{"href":"https:\/\/collateralfx.com\/br\/wp-json\/wp\/v2\/product\/1336","targetHints":{"allow":["GET"]}}],"collection":[{"href":"https:\/\/collateralfx.com\/br\/wp-json\/wp\/v2\/product"}],"about":[{"href":"https:\/\/collateralfx.com\/br\/wp-json\/wp\/v2\/types\/product"}],"wp:featuredmedia":[{"embeddable":true,"href":"https:\/\/collateralfx.com\/br\/wp-json\/wp\/v2\/media\/1337"}],"wp:attachment":[{"href":"https:\/\/collateralfx.com\/br\/wp-json\/wp\/v2\/media?parent=1336"}],"wp:term":[{"taxonomy":"product_brand","embeddable":true,"href":"https:\/\/collateralfx.com\/br\/wp-json\/wp\/v2\/product_brand?post=1336"},{"taxonomy":"product_cat","embeddable":true,"href":"https:\/\/collateralfx.com\/br\/wp-json\/wp\/v2\/product_cat?post=1336"},{"taxonomy":"product_tag","embeddable":true,"href":"https:\/\/collateralfx.com\/br\/wp-json\/wp\/v2\/product_tag?post=1336"}],"curies":[{"name":"wp","href":"https:\/\/api.w.org\/{rel}","templated":true}]}}