{"id":1322,"date":"2025-07-18T21:27:31","date_gmt":"2025-07-19T00:27:31","guid":{"rendered":"https:\/\/collateralfx.com\/br\/?post_type=product&#038;p=1322"},"modified":"2026-03-04T19:12:31","modified_gmt":"2026-03-04T22:12:31","slug":"p024-sirius-od","status":"publish","type":"product","link":"https:\/\/collateralfx.com\/br\/pedais\/p024-sirius-od\/","title":{"rendered":"P024 &#8211; Sirius OD"},"content":{"rendered":"<p><iframe title=\"NUNCA mais tiro esse PEDAL do BOARD! (Sirius OD - Collateral FX)\" width=\"1170\" height=\"658\" src=\"https:\/\/www.youtube.com\/embed\/G5fhfwWRn6c?feature=oembed\" frameborder=\"0\" allow=\"accelerometer; autoplay; clipboard-write; encrypted-media; gyroscope; picture-in-picture; web-share\" referrerpolicy=\"strict-origin-when-cross-origin\" allowfullscreen><\/iframe><\/p>\n","protected":false},"excerpt":{"rendered":"<p><strong>Princ\u00edpio ativo<\/strong> \u2013 A releitura modernizada de dois overdrives lend\u00e1rios que s\u00f3 atingiram tal status d\u00e9cadas ap\u00f3s seu lan\u00e7amento \u2013 e que soam magn\u00edficos separados ou quando somados.<\/p>\n<p><strong>Indicado para:<\/strong> Guitarristas que procuram uma sonoridade diferente do \u201carroz com feij\u00e3o\u201d e que querem resolver sua sess\u00e3o de drives apenas com um pedal (ou n\u00e3o).<\/p>\n<p>O Sirius OD \u00e9 mais um Dual Drive (Sirius A e Sirius B, como as estrelas) oferecido no cat\u00e1logo da Collateral. O canal verde, da direita, \u00e9 baseado no cl\u00e1ssico cult ODR-1: um Overdrive com m\u00e9dios ricos \u2013 trabalhados em conjunto com os agudos pelo seu controle de tone \u2013 e uma textura distorcida bastante diferente da oferecida pelo Tube Screamer. Com graves mais equilibrados e sua estrutura de ganho modificada, o canal verde do Sirius funciona bem na Mix com qualquer guitarra, sem embolar e com grande articula\u00e7\u00e3o.<\/p>\n<p>O canal azul \u00e9 baseado no Bluesbreaker V1, um Overdrive que se enquadra no que chamam de \u201ctransparente\u201d, preservando o voicing original de sua guitarra. Diferente do cl\u00e1ssico pedal da Marshall, o canal azul tem volume de sobra e agudos bem dosados \u2013 destacando as frequ\u00eancias altas de sua guitarra sem soar estridente e oferecendo um boost ou drive delicado e cheio de nuances.<\/p>\n<p>A soma dos dois lados do pedal oferece uma gama ainda maior de timbres, sendo poss\u00edvel fazer um stacking de ganho para texturas high gain ou utilizar o canal azul como boost de volume, tornando o Sirius uma solu\u00e7\u00e3o completa para resolver todas suas necessidades de Overdrive em um pedal s\u00f3.<\/p>\n<p><strong>Tens\u00e3o de opera\u00e7\u00e3o:<\/strong> 9V<br \/>\n<strong>Instrumentos compat\u00edveis:<\/strong>\u00a0Guitarra el\u00e9trica \/ Baixo<br \/>\n<strong>Tipos de efeitos:<\/strong> Boost \/ Overdrive<br \/>\n<strong>Tipos de alimenta\u00e7\u00e3o:<\/strong> Adaptador<br \/>\n<strong>Dimens\u00f5es AxLxP (cm):<\/strong> 6,5&#215;11,8&#215;9<\/p>\n<p><strong>Prazos:<\/strong><br \/>\n<strong>Compensa\u00e7\u00e3o de pagamento:<\/strong> at\u00e9 2 dias \u00fateis<br \/>\n<strong>Produ\u00e7\u00e3o:<\/strong> at\u00e9 10 dias \u00fateis<br \/>\n<strong>Entrega:<\/strong> de acordo com o tipo de frete escolhido<\/p>\n<p><strong>Obs.: As cores e detalhes dos produtos podem sofrer altera\u00e7\u00f5es de tonalidade e textura dependendo da calibra\u00e7\u00e3o de seu monitor, visor e do lote de materiais de nossos fornecedores.<\/strong><\/p>\n","protected":false},"featured_media":1323,"template":"","meta":{"_acf_changed":false},"product_brand":[],"product_cat":[125,123],"product_tag":[155,95,154,38],"class_list":{"0":"post-1322","1":"product","2":"type-product","3":"status-publish","4":"has-post-thumbnail","6":"product_cat-boost","7":"product_cat-overdrive","8":"product_tag-bluesbreaker-v1","9":"product_tag-boost","10":"product_tag-dual-drive","11":"product_tag-overdrive","13":"first","14":"instock","15":"taxable","16":"shipping-taxable","17":"purchasable","18":"product-type-simple"},"acf":[],"_links":{"self":[{"href":"https:\/\/collateralfx.com\/br\/wp-json\/wp\/v2\/product\/1322","targetHints":{"allow":["GET"]}}],"collection":[{"href":"https:\/\/collateralfx.com\/br\/wp-json\/wp\/v2\/product"}],"about":[{"href":"https:\/\/collateralfx.com\/br\/wp-json\/wp\/v2\/types\/product"}],"wp:featuredmedia":[{"embeddable":true,"href":"https:\/\/collateralfx.com\/br\/wp-json\/wp\/v2\/media\/1323"}],"wp:attachment":[{"href":"https:\/\/collateralfx.com\/br\/wp-json\/wp\/v2\/media?parent=1322"}],"wp:term":[{"taxonomy":"product_brand","embeddable":true,"href":"https:\/\/collateralfx.com\/br\/wp-json\/wp\/v2\/product_brand?post=1322"},{"taxonomy":"product_cat","embeddable":true,"href":"https:\/\/collateralfx.com\/br\/wp-json\/wp\/v2\/product_cat?post=1322"},{"taxonomy":"product_tag","embeddable":true,"href":"https:\/\/collateralfx.com\/br\/wp-json\/wp\/v2\/product_tag?post=1322"}],"curies":[{"name":"wp","href":"https:\/\/api.w.org\/{rel}","templated":true}]}}