{"id":1313,"date":"2025-07-16T19:50:05","date_gmt":"2025-07-16T22:50:05","guid":{"rendered":"https:\/\/collateralfx.com\/br\/?post_type=product&#038;p=1313"},"modified":"2026-03-04T18:53:24","modified_gmt":"2026-03-04T21:53:24","slug":"p023-the-bendz","status":"publish","type":"product","link":"https:\/\/collateralfx.com\/br\/pedais\/p023-the-bendz\/","title":{"rendered":"P023 &#8211; The Bendz"},"content":{"rendered":"","protected":false},"excerpt":{"rendered":"<h3><strong><span style=\"color: #ff0000;\">PRODUTO EM PR\u00c9 VENDA (PRODU\u00c7\u00c3O SOMENTE NO FIM FEVEREIRO DE 2026)<\/span><\/strong><\/h3>\n<p><strong>Princ\u00edpio ativo<\/strong> \u2013 Transistores NOS de sil\u00edcio e germ\u00e2nio, para sonoridades cl\u00e1ssicas de Tonebender.<\/p>\n<p><strong>Indicado para:<\/strong> Guitarristas que procuram um som de fuzz de alto ganho, cheio de m\u00e9dios, mas n\u00e3o querem lidar com a instabilidade do germ\u00e2nio.<\/p>\n<p>Os Tonebenders foram a resposta da Sola Sound aos Fuzz Face. Seu design com um est\u00e1gio a mais de ganho trouxe uma sonoridade mais agressiva e com mais sustain que os cl\u00e1ssicos Fuzz Face &#8211; al\u00e9m de contar com capacitores de entrada e sa\u00edda menores, oferecendo um timbre mais equilibrado em rela\u00e7\u00e3o aos graves, com m\u00e9dios cortantes e uma caracter\u00edstica quase vocal &#8211; que marcou muito o rock and roll e garage rock dos anos 60 e 70.<br \/>\nMas nem tudo s\u00e3o flores &#8211; al\u00e9m do tamanho enorme, caracter\u00edstico dos pedais do per\u00edodo, tais unidades de fuzz eram feitas integralmente com trans\u00edstores de germ\u00e2nio, bastante temperamentais &#8211; variando o som e ru\u00eddos at\u00e9 mesmo em fun\u00e7\u00e3o da temperatura ambiente, e operando apenas com baterias 9v. O The Bendz utiliza em sua constru\u00e7\u00e3o dois trans\u00edstores de sil\u00edcio, tamb\u00e9m NOS (New Old Stock), selecionados para oferecer a melhor performance sonora, estabilidade e confiabilidade para o uso ao vivo, al\u00e9m de contar com um transistor de germ\u00e2nio cuidadosamente escolhido, que permite que o pedal seja operado com uma fonte padr\u00e3o Boss.<br \/>\nO The Bendz \u00e9 uma releitura moderna de um circuito cl\u00e1ssico, trazendo toda a sonoridade e personalidade que fizeram do Tonebender o pedal favorito de Jimmy Page e Mick Ronson &#8211; oferecendo um pre\u00e7o realista, a possibilidade de se utilizar em qualquer pedalboard sem precisar recorrer \u00e0 baterias, e sem a instabilidade e ru\u00eddos caracter\u00edsticos desse cl\u00e1ssico circuito. O The bendz \u00e9 uma m\u00e1quina de rock and roll e est\u00e1 pronto pra ser aliado \u00e0 sua criatividade na elabora\u00e7\u00e3o de grandes riffs!<\/p>\n<p><strong>Tens\u00e3o de opera\u00e7\u00e3o:<\/strong> 9V<br \/>\n<strong>Tipos de alimenta\u00e7\u00e3o:<\/strong> Adaptador<br \/>\n<strong>Dimens\u00f5es AxLxP (cm):<\/strong> 11x6x4<\/p>\n<p><strong>Prazos:<\/strong><br \/>\n<strong>Compensa\u00e7\u00e3o de pagamento:<\/strong> at\u00e9 2 dias \u00fateis<br \/>\n<strong>Produ\u00e7\u00e3o:<\/strong> Pr\u00e9-venda<br \/>\n<strong>Entrega:<\/strong> de acordo com o tipo de frete escolhido<\/p>\n<p><strong>Obs.: As cores e detalhes dos produtos podem sofrer altera\u00e7\u00f5es de tonalidade e textura dependendo da calibra\u00e7\u00e3o de seu monitor, visor e do lote de materiais de nossos fornecedores.<\/strong><\/p>\n","protected":false},"featured_media":1314,"template":"","meta":{"_acf_changed":false},"product_brand":[],"product_cat":[121],"product_tag":[28,71,75,73,72],"class_list":{"0":"post-1313","1":"product","2":"type-product","3":"status-publish","4":"has-post-thumbnail","6":"product_cat-fuzz","7":"product_tag-fuzz","8":"product_tag-fuzz-de-alto-ganho","9":"product_tag-new-old-stock","10":"product_tag-sola-sound","11":"product_tag-tone-bender","13":"first","14":"instock","15":"taxable","16":"shipping-taxable","17":"purchasable","18":"product-type-simple"},"acf":[],"_links":{"self":[{"href":"https:\/\/collateralfx.com\/br\/wp-json\/wp\/v2\/product\/1313","targetHints":{"allow":["GET"]}}],"collection":[{"href":"https:\/\/collateralfx.com\/br\/wp-json\/wp\/v2\/product"}],"about":[{"href":"https:\/\/collateralfx.com\/br\/wp-json\/wp\/v2\/types\/product"}],"wp:featuredmedia":[{"embeddable":true,"href":"https:\/\/collateralfx.com\/br\/wp-json\/wp\/v2\/media\/1314"}],"wp:attachment":[{"href":"https:\/\/collateralfx.com\/br\/wp-json\/wp\/v2\/media?parent=1313"}],"wp:term":[{"taxonomy":"product_brand","embeddable":true,"href":"https:\/\/collateralfx.com\/br\/wp-json\/wp\/v2\/product_brand?post=1313"},{"taxonomy":"product_cat","embeddable":true,"href":"https:\/\/collateralfx.com\/br\/wp-json\/wp\/v2\/product_cat?post=1313"},{"taxonomy":"product_tag","embeddable":true,"href":"https:\/\/collateralfx.com\/br\/wp-json\/wp\/v2\/product_tag?post=1313"}],"curies":[{"name":"wp","href":"https:\/\/api.w.org\/{rel}","templated":true}]}}