{"id":1288,"date":"2025-07-05T09:56:47","date_gmt":"2025-07-05T12:56:47","guid":{"rendered":"https:\/\/collateralfx.com\/br\/?post_type=product&#038;p=1288"},"modified":"2026-04-08T16:58:50","modified_gmt":"2026-04-08T19:58:50","slug":"p022-drive-for-the-dead","status":"publish","type":"product","link":"https:\/\/collateralfx.com\/br\/pedais\/p022-drive-for-the-dead\/","title":{"rendered":"P022 &#8211; Drive for the Dead"},"content":{"rendered":"<p><iframe title=\"Nem s\u00f3 de FENDER e MARSHALL vive o homem - Drive For the Dead da COLLATERAL FX\" width=\"1170\" height=\"658\" src=\"https:\/\/www.youtube.com\/embed\/DUasJ9Gd5Oo?feature=oembed\" frameborder=\"0\" allow=\"accelerometer; autoplay; clipboard-write; encrypted-media; gyroscope; picture-in-picture; web-share\" referrerpolicy=\"strict-origin-when-cross-origin\" allowfullscreen><\/iframe><\/p>\n","protected":false},"excerpt":{"rendered":"<p><strong>Princ\u00edpio ativo \u2013<\/strong> Jfets emulando a estrutura sonora das v\u00e1lvulas.<\/p>\n<p><strong>Indicado para:<\/strong> Guitarristas e baixistas que buscam a sonoridade cl\u00e1ssica dos amps Ampeg, mas em tamanho reduzido.<\/p>\n<div>\n<p>Nem s\u00f3 de Marshall e Fender vive o homem. Os amplificadores da Ampeg s\u00e3o uma parte important\u00edssima da hist\u00f3ria da m\u00fasica, tendo sido utilizados por v\u00e1rios m\u00fasicos da Jazz (que eram o foco da Ampeg em seus prim\u00f3rdios), mas logo foram descobertos pelos m\u00fasicos de Rock. Keith Richards usou um SVT nas grava\u00e7\u00f5es do Exile on Main St, Sticky Fingers e muitos outros discos dos Rolling Stones.<\/p>\n<p>Curiosamente, esse amplificador foi desenvolvido para o uso no contra baixo, mas seus graves ricos e sua textura fuzzy, quando em alto ganho, conquistaram tamb\u00e9m guitarristas de Stoner Rock, sendo uma das mais importantes ferramentas na sonoridade de Josh Homme, do Queens of the Stone Age.<\/p>\n<p>O Drive for the Dead tr\u00e1s uma emula\u00e7\u00e3o JFET do circuito desses amplificadores, com uma chave oferecendo dois voincings e n\u00edveis distintos de ganho: o modo Deaf explora a parte mais low gain, perfeita para tocar rock and roll e blues dos anos 60 e 70, com uma textura rica e que casa muito bem sendo empurrada por boosters, overdrives e fuzzes &#8211; sendo um excelente preamp\/overdrive para o uso no baixo (pois seu controle de graves permite que seja mantido todo o low-end de seu instrumento). O modo Dead vem com uma dose cavalar de ganho, perfeito para se tocar a fase Songs for the Deaf do QOTSA. Mas n\u00e3o se engane, sua sonoridade fuzzy e seus controles de equaliza\u00e7\u00e3o tornam o Drive for the Dead uma ferramenta vers\u00e1til e que pode ser usada em v\u00e1rios g\u00eaneros musicais. Ao alimentar o pedal com 18v, o headroom \u00e9 ampliado, a compress\u00e3o diminui e sua resposta ao controle de volume da guitarra e a sua palhetada se torna ainda mais expressiva.<\/p>\n<\/div>\n<div><strong>Tens\u00e3o de opera\u00e7\u00e3o:<\/strong> 9v &#8211; 18v<br \/>\n<strong>Instrumentos compat\u00edveis:<\/strong> Guitarra el\u00e9trica \/ Baixo<br \/>\n<strong>Tipos de efeitos:<\/strong> <span style=\"font-family: Roboto; color: #0a0a0a;\">Overdrive \/ Preamp<\/span><br \/>\n<strong><span class=\"ui-pdp-color--BLACK ui-pdp-size--XSMALL ui-pdp-family--BOLD\">Tipos de alimenta\u00e7\u00e3o<\/span>:<\/strong> Adaptador<br \/>\n<strong><span class=\"ui-pdp-color--BLACK ui-pdp-size--XSMALL ui-pdp-family--BOLD\">Dimens\u00f5es AxLxP (cm):<\/span><\/strong><span class=\"ui-pdp-color--BLACK ui-pdp-size--XSMALL ui-pdp-family--BOLD\">6.5x13x9<\/span><span class=\"ui-pdp-color--BLACK ui-pdp-size--XSMALL ui-pdp-family--BOLD\"><span class=\"ui-pdp-color--BLACK ui-pdp-size--XSMALL ui-pdp-family--BOLD\"><span class=\"ui-pdp-color--BLACK ui-pdp-size--XSMALL ui-pdp-family--BOLD\"><span class=\"ui-pdp-color--BLACK ui-pdp-size--XSMALL ui-pdp-family--BOLD\"><br \/>\n<\/span><\/span><\/span><\/span><\/div>\n<div><span class=\"ui-pdp-color--BLACK ui-pdp-size--XSMALL ui-pdp-family--BOLD\"><span class=\"ui-pdp-color--BLACK ui-pdp-size--XSMALL ui-pdp-family--BOLD\"><span class=\"ui-pdp-color--BLACK ui-pdp-size--XSMALL ui-pdp-family--BOLD\"><span class=\"ui-pdp-color--BLACK ui-pdp-size--XSMALL ui-pdp-family--BOLD\"><strong><br \/>\nPrazos:<\/strong><br \/>\n<\/span><\/span><\/span><\/span><strong>Compensa\u00e7\u00e3o de pagamento:<\/strong> at\u00e9 2 dias \u00fateis<br \/>\n<strong>Produ\u00e7\u00e3o:<\/strong> at\u00e9 10 dias \u00fateis<br \/>\n<strong>Entrega:<\/strong> de acordo com o tipo de frete escolhido<\/div>\n<div><strong><em><br \/>\nObs.: As cores e detalhes dos produtos podem sofrer altera\u00e7\u00f5es de tonalidade e textura dependendo da calibra\u00e7\u00e3o de seu monitor, visor e do lote de materiais de nossos fornecedores.<\/em><\/strong><\/div>\n","protected":false},"featured_media":1289,"template":"","meta":{"_acf_changed":false},"product_brand":[],"product_cat":[123,124],"product_tag":[153,152,38,90,98],"class_list":{"0":"post-1288","1":"product","2":"type-product","3":"status-publish","4":"has-post-thumbnail","6":"product_cat-overdrive","7":"product_cat-preamp","8":"product_tag-ampeg","9":"product_tag-jfet","10":"product_tag-overdrive","11":"product_tag-preamp","12":"product_tag-preamp-overdrive","14":"first","15":"instock","16":"taxable","17":"shipping-taxable","18":"purchasable","19":"product-type-simple"},"acf":[],"_links":{"self":[{"href":"https:\/\/collateralfx.com\/br\/wp-json\/wp\/v2\/product\/1288","targetHints":{"allow":["GET"]}}],"collection":[{"href":"https:\/\/collateralfx.com\/br\/wp-json\/wp\/v2\/product"}],"about":[{"href":"https:\/\/collateralfx.com\/br\/wp-json\/wp\/v2\/types\/product"}],"wp:featuredmedia":[{"embeddable":true,"href":"https:\/\/collateralfx.com\/br\/wp-json\/wp\/v2\/media\/1289"}],"wp:attachment":[{"href":"https:\/\/collateralfx.com\/br\/wp-json\/wp\/v2\/media?parent=1288"}],"wp:term":[{"taxonomy":"product_brand","embeddable":true,"href":"https:\/\/collateralfx.com\/br\/wp-json\/wp\/v2\/product_brand?post=1288"},{"taxonomy":"product_cat","embeddable":true,"href":"https:\/\/collateralfx.com\/br\/wp-json\/wp\/v2\/product_cat?post=1288"},{"taxonomy":"product_tag","embeddable":true,"href":"https:\/\/collateralfx.com\/br\/wp-json\/wp\/v2\/product_tag?post=1288"}],"curies":[{"name":"wp","href":"https:\/\/api.w.org\/{rel}","templated":true}]}}