{"id":1242,"date":"2025-06-10T17:36:09","date_gmt":"2025-06-10T20:36:09","guid":{"rendered":"https:\/\/collateralfx.com\/br\/?post_type=product&#038;p=1242"},"modified":"2025-12-11T00:14:50","modified_gmt":"2025-12-11T03:14:50","slug":"p021-parsec","status":"publish","type":"product","link":"https:\/\/collateralfx.com\/br\/pedais\/p021-parsec\/","title":{"rendered":"P021 &#8211; Parsec"},"content":{"rendered":"<p><iframe title=\"Collateral FX Parsec Natural Overdrive\" width=\"1170\" height=\"658\" src=\"https:\/\/www.youtube.com\/embed\/lnA_YDOSClk?feature=oembed\" frameborder=\"0\" allow=\"accelerometer; autoplay; clipboard-write; encrypted-media; gyroscope; picture-in-picture; web-share\" referrerpolicy=\"strict-origin-when-cross-origin\" allowfullscreen><\/iframe><\/p>\n","protected":false},"excerpt":{"rendered":"<p><strong>Princ\u00edpio ativo \u2013<\/strong> Um amplificador operacional hi-fi com clipagem sim\u00e9trica por diodos de sil\u00edcio configurados para baixa compress\u00e3o.<\/p>\n<p><strong>Indicado para:<\/strong> Este \u00e9 um pedal curinga que serve para QUALQUER tipo de setup de guitarra e baixo. Um overdrive\/boost extremamente vers\u00e1til, de baixo ru\u00eddo e sonoridade impressionante.<\/p>\n<div>\n<p>Parsec \u00e9 uma unidade de medi\u00e7\u00e3o astron\u00f4mica que equivale a 3.26 anos luz. Seu circuito tem como caracter\u00edstica uma total fidelidade \u00e0 sonoridade de seu instrumento. Sua compress\u00e3o \u00e9 natural e o pedal n\u00e3o adiciona midrange ou corta os graves de sua guitarra ou baixo &#8211; servindo como uma \u201ccola\u201d perfeita entre seu instrumento e seu amplificador.<\/p>\n<p>Al\u00e9m de seu range de ganho que vai desde um clean boost a um drive mid-gain, o Parsec conta com volume de sa\u00edda o suficiente para saturar as v\u00e1lvulas do seu amp ou qualquer pedal de overdrive que esteja a sua frente na cadeia de sinal.<\/p>\n<\/div>\n<div><strong>Tens\u00e3o de opera\u00e7\u00e3o:<\/strong> 9v<br \/>\n<strong>Instrumentos compat\u00edveis:<\/strong> Guitarra el\u00e9trica<br \/>\n<strong>Tipos de efeitos:<\/strong> Compressor \/ Boost<br \/>\n<strong><span class=\"ui-pdp-color--BLACK ui-pdp-size--XSMALL ui-pdp-family--BOLD\">Tipos de alimenta\u00e7\u00e3o<\/span>:<\/strong> Adaptador<br \/>\n<strong><span class=\"ui-pdp-color--BLACK ui-pdp-size--XSMALL ui-pdp-family--BOLD\">Dimens\u00f5es AxLxP (cm):<\/span><\/strong><span class=\"ui-pdp-color--BLACK ui-pdp-size--XSMALL ui-pdp-family--BOLD\">6.5x13x9<\/span><span class=\"ui-pdp-color--BLACK ui-pdp-size--XSMALL ui-pdp-family--BOLD\"><span class=\"ui-pdp-color--BLACK ui-pdp-size--XSMALL ui-pdp-family--BOLD\"><span class=\"ui-pdp-color--BLACK ui-pdp-size--XSMALL ui-pdp-family--BOLD\"><span class=\"ui-pdp-color--BLACK ui-pdp-size--XSMALL ui-pdp-family--BOLD\"><br \/>\n<\/span><\/span><\/span><\/span><\/div>\n<div><span class=\"ui-pdp-color--BLACK ui-pdp-size--XSMALL ui-pdp-family--BOLD\"><span class=\"ui-pdp-color--BLACK ui-pdp-size--XSMALL ui-pdp-family--BOLD\"><span class=\"ui-pdp-color--BLACK ui-pdp-size--XSMALL ui-pdp-family--BOLD\"><span class=\"ui-pdp-color--BLACK ui-pdp-size--XSMALL ui-pdp-family--BOLD\"><strong><br \/>\nPrazos:<\/strong><br \/>\n<\/span><\/span><\/span><\/span><strong>Compensa\u00e7\u00e3o de pagamento:<\/strong> at\u00e9 2 dias \u00fateis<br \/>\n<strong>Produ\u00e7\u00e3o:<\/strong> at\u00e9 10 dias \u00fateis<br \/>\n<strong>Entrega:<\/strong> de acordo com o tipo de frete escolhido<\/div>\n<div><strong><em><br \/>\nObs.: As cores e detalhes dos produtos podem sofrer altera\u00e7\u00f5es de tonalidade e textura dependendo da calibra\u00e7\u00e3o de seu monitor, visor e do lote de materiais de nossos fornecedores.<\/em><\/strong><\/div>\n","protected":false},"featured_media":1243,"template":"","meta":{"_acf_changed":false},"product_brand":[],"product_cat":[125,123],"product_tag":[95],"class_list":{"0":"post-1242","1":"product","2":"type-product","3":"status-publish","4":"has-post-thumbnail","6":"product_cat-boost","7":"product_cat-overdrive","8":"product_tag-boost","10":"first","11":"instock","12":"taxable","13":"shipping-taxable","14":"purchasable","15":"product-type-simple"},"acf":[],"_links":{"self":[{"href":"https:\/\/collateralfx.com\/br\/wp-json\/wp\/v2\/product\/1242","targetHints":{"allow":["GET"]}}],"collection":[{"href":"https:\/\/collateralfx.com\/br\/wp-json\/wp\/v2\/product"}],"about":[{"href":"https:\/\/collateralfx.com\/br\/wp-json\/wp\/v2\/types\/product"}],"wp:featuredmedia":[{"embeddable":true,"href":"https:\/\/collateralfx.com\/br\/wp-json\/wp\/v2\/media\/1243"}],"wp:attachment":[{"href":"https:\/\/collateralfx.com\/br\/wp-json\/wp\/v2\/media?parent=1242"}],"wp:term":[{"taxonomy":"product_brand","embeddable":true,"href":"https:\/\/collateralfx.com\/br\/wp-json\/wp\/v2\/product_brand?post=1242"},{"taxonomy":"product_cat","embeddable":true,"href":"https:\/\/collateralfx.com\/br\/wp-json\/wp\/v2\/product_cat?post=1242"},{"taxonomy":"product_tag","embeddable":true,"href":"https:\/\/collateralfx.com\/br\/wp-json\/wp\/v2\/product_tag?post=1242"}],"curies":[{"name":"wp","href":"https:\/\/api.w.org\/{rel}","templated":true}]}}