{"id":1217,"date":"2025-05-14T20:52:29","date_gmt":"2025-05-14T23:52:29","guid":{"rendered":"https:\/\/collateralfx.com\/br\/?post_type=product&#038;p=1217"},"modified":"2026-03-04T19:00:22","modified_gmt":"2026-03-04T22:00:22","slug":"p020-toranja-compressor","status":"publish","type":"product","link":"https:\/\/collateralfx.com\/br\/pedais\/p020-toranja-compressor\/","title":{"rendered":"P020 &#8211; Toranja Compressor"},"content":{"rendered":"<p><iframe title=\"Como melhorar seu som de Guitarra ? Toranja compressor pedal CollateralFX !\" width=\"1170\" height=\"658\" src=\"https:\/\/www.youtube.com\/embed\/nEryo8dou1c?start=9&#038;feature=oembed\" frameborder=\"0\" allow=\"accelerometer; autoplay; clipboard-write; encrypted-media; gyroscope; picture-in-picture; web-share\" referrerpolicy=\"strict-origin-when-cross-origin\" allowfullscreen><\/iframe><\/p>\n","protected":false},"excerpt":{"rendered":"<p><strong>Princ\u00edpio ativo \u2013<\/strong> Jfets para compress\u00e3o com sonoridade org\u00e2nica e baix\u00edssimo n\u00edvel de ru\u00eddo.<\/p>\n<p><strong>Indicado para:<\/strong> Guitarristas e baixistas que buscam ter mais sustain e um n\u00edvel de volume mais equilibrado para o ataque de suas palhetadas ou dedilhados, servindo tamb\u00e9m como um boost de volume.<\/p>\n<div>\n<p>Apresentamos o Toranja Compressor, baseado em tecnologia JFET. Diferente dos tradicionais compressores que achatam todas as frequ\u00eancias de sua guitarra em uma massa uniforme, o Toranja ainda permite que a din\u00e2mica de seu instrumento seja preservada paralelamente \u00e0 linha de compress\u00e3o, adicionando sustain, defini\u00e7\u00e3o e personalidade a seu timbre &#8211; dando uma qualidade de est\u00fadio ao seu som.<\/p>\n<p>O Toranja compressor tem suas origens no rar\u00edssimo Dan Armstrong Orange Squeezer &#8211; que tem como uma de suas caracter\u00edsticas, preservar as frequ\u00eancias altas de seu instrumento, soando extremamente org\u00e2nico e com baix\u00edssimo n\u00edvel de ru\u00eddo. Seu controle de blend permite que seu sinal limpo seja mixado ao sinal comprimido, mantendo o timbre de seu instrumento e soando incr\u00edvel em guitarras (tanto com single coils e humbuckers), viol\u00f5es, baixos e mesmo como efeito para voz.<\/p>\n<p>Al\u00e9m de tudo, o Toranja tem sa\u00edda de sobra para ser utilizado como Boost de volume ou de ganho, sendo uma ferramenta completa e vers\u00e1til para transformar seu timbre.<\/p>\n<p>Nota: o pedal conta com um trimpot que N\u00c3O DEVE SER MEXIDO PELO USU\u00c1RIO.<\/p>\n<\/div>\n<div><strong>Tens\u00e3o de opera\u00e7\u00e3o:<\/strong> 9v<br \/>\n<strong>Instrumentos compat\u00edveis:<\/strong> Guitarra el\u00e9trica<br \/>\n<strong>Tipos de efeitos:<\/strong> Compressor \/ Boost<br \/>\n<strong><span class=\"ui-pdp-color--BLACK ui-pdp-size--XSMALL ui-pdp-family--BOLD\">Tipos de alimenta\u00e7\u00e3o<\/span>:<\/strong> Adaptador<br \/>\n<strong><span class=\"ui-pdp-color--BLACK ui-pdp-size--XSMALL ui-pdp-family--BOLD\">Dimens\u00f5es AxLxP (cm):<\/span><\/strong><span class=\"ui-pdp-color--BLACK ui-pdp-size--XSMALL ui-pdp-family--BOLD\">6.5x13x9<\/span><span class=\"ui-pdp-color--BLACK ui-pdp-size--XSMALL ui-pdp-family--BOLD\"><span class=\"ui-pdp-color--BLACK ui-pdp-size--XSMALL ui-pdp-family--BOLD\"><span class=\"ui-pdp-color--BLACK ui-pdp-size--XSMALL ui-pdp-family--BOLD\"><span class=\"ui-pdp-color--BLACK ui-pdp-size--XSMALL ui-pdp-family--BOLD\"><br \/>\n<\/span><\/span><\/span><\/span><\/div>\n<div><span class=\"ui-pdp-color--BLACK ui-pdp-size--XSMALL ui-pdp-family--BOLD\"><span class=\"ui-pdp-color--BLACK ui-pdp-size--XSMALL ui-pdp-family--BOLD\"><span class=\"ui-pdp-color--BLACK ui-pdp-size--XSMALL ui-pdp-family--BOLD\"><span class=\"ui-pdp-color--BLACK ui-pdp-size--XSMALL ui-pdp-family--BOLD\"><strong><br \/>\nPrazos:<\/strong><br \/>\n<\/span><\/span><\/span><\/span><strong>Compensa\u00e7\u00e3o de pagamento:<\/strong> at\u00e9 2 dias \u00fateis<br \/>\n<strong>Produ\u00e7\u00e3o:<\/strong> em at\u00e9 10 dias \u00fateis<br \/>\n<strong>Entrega:<\/strong> de acordo com o tipo de frete escolhido<\/div>\n<div><strong><em><br \/>\nObs.: As cores e detalhes dos produtos podem sofrer altera\u00e7\u00f5es de tonalidade e textura dependendo da calibra\u00e7\u00e3o de seu monitor, visor e do lote de materiais de nossos fornecedores.<\/em><\/strong><\/div>\n","protected":false},"featured_media":1218,"template":"","meta":{"_acf_changed":false},"product_brand":[],"product_cat":[125,150,161],"product_tag":[95,151,152,76],"class_list":{"0":"post-1217","1":"product","2":"type-product","3":"status-publish","4":"has-post-thumbnail","6":"product_cat-boost","7":"product_cat-compressor","8":"product_cat-promocoes_de_janeiro","9":"product_tag-boost","10":"product_tag-compressor","11":"product_tag-jfet","12":"product_tag-sustain","14":"first","15":"instock","16":"taxable","17":"shipping-taxable","18":"purchasable","19":"product-type-simple"},"acf":[],"_links":{"self":[{"href":"https:\/\/collateralfx.com\/br\/wp-json\/wp\/v2\/product\/1217","targetHints":{"allow":["GET"]}}],"collection":[{"href":"https:\/\/collateralfx.com\/br\/wp-json\/wp\/v2\/product"}],"about":[{"href":"https:\/\/collateralfx.com\/br\/wp-json\/wp\/v2\/types\/product"}],"wp:featuredmedia":[{"embeddable":true,"href":"https:\/\/collateralfx.com\/br\/wp-json\/wp\/v2\/media\/1218"}],"wp:attachment":[{"href":"https:\/\/collateralfx.com\/br\/wp-json\/wp\/v2\/media?parent=1217"}],"wp:term":[{"taxonomy":"product_brand","embeddable":true,"href":"https:\/\/collateralfx.com\/br\/wp-json\/wp\/v2\/product_brand?post=1217"},{"taxonomy":"product_cat","embeddable":true,"href":"https:\/\/collateralfx.com\/br\/wp-json\/wp\/v2\/product_cat?post=1217"},{"taxonomy":"product_tag","embeddable":true,"href":"https:\/\/collateralfx.com\/br\/wp-json\/wp\/v2\/product_tag?post=1217"}],"curies":[{"name":"wp","href":"https:\/\/api.w.org\/{rel}","templated":true}]}}