{"id":1090,"date":"2024-12-15T20:53:02","date_gmt":"2024-12-15T23:53:02","guid":{"rendered":"https:\/\/collateralfx.com\/br\/?post_type=product&#038;p=1090"},"modified":"2026-04-08T16:59:10","modified_gmt":"2026-04-08T19:59:10","slug":"p019-slow","status":"publish","type":"product","link":"https:\/\/collateralfx.com\/br\/pedais\/p019-slow\/","title":{"rendered":"P019 &#8211; Slow"},"content":{"rendered":"<p>youtube.com\/watch?si=ZypmdhpZEXhCAWsE&amp;v=Hqs_pz1scP0&amp;feature=youtu.be<\/p>\n","protected":false},"excerpt":{"rendered":"<p><strong>Princ\u00edpio ativo \u2013<\/strong> Fuzz\/Distortion de sil\u00edcio.<\/p>\n<p><strong>Indicado para:<\/strong> Guitarristas ou baixistas que buscam sustain e defini\u00e7\u00e3o com um timbre cheio de personalidade, mas com possibilidades de voicing que v\u00e3o al\u00e9m de um Big Muff tradicional.<\/p>\n<div>\n<p>Busca sustain infinito? A possibilidade de n\u00edveis absurdos de ganho, estilo \u201cwall of sound\u201d, mas sem perder a defini\u00e7\u00e3o ou fazer seu instrumento sumir na mix?<\/p>\n<p>O SLOW foi desenvolvido para atender \u00e0s necessidades de guitarristas e baixistas que amam a sonoridade cl\u00e1ssica dos Big Muffs, mas que buscam versatilidade e a praticidade de ter um corte de graves &#8211; para deixar o som mais \u201ctight\u201d ou com um boost de m\u00e9dios sem a necessidade de se recorrer a somar mais um overdrive ou equalizador.<br \/>\nA refer\u00eancia \u00f3bvia ao Black Sabbath (no controle de volume) e ao Stoner Rock j\u00e1 indicam: o SLOW \u00e9 um pedal s\u00e9rio quando os assuntos s\u00e3o ganho e graves. Seu voicing foi pensado para os densos riffs da escola Sabbathica, mas seus switches internos permitem v\u00e1rias outras possibilidades: O primeiro par de DIP switches modifica o voicing do SLOW para uma sonoridade mais moderna, dando um boost full range e aumentando a compress\u00e3o e massa sonora do pedal. O trio central de DIP switches modifica o voicing dos m\u00e9dios do SLOW, indo do tradicional scoop dos Big Muff \u00e0 m\u00e9dios cortantes para destacar seus solos e riffs. Por fim, o \u00faltimo par de switches oferece um generoso boost de graves reminiscente dos Big Muff russos, o tornando um excelente aliado para dar peso em afina\u00e7\u00f5es mais baixas ou utilizando um baixo.<\/p>\n<p>Al\u00e9m de tudo, \u00e9 poss\u00edvel se combinar o uso de todos os switches, oferecendo uma infinidade gama de possibilidades sonoras que passam por timbres de David Gilmour, Santana, Eric Johnson, Billy Corgan.<\/p>\n<\/div>\n<div><strong>Tens\u00e3o de opera\u00e7\u00e3o:<\/strong> 9v<br \/>\n<strong>Instrumentos compat\u00edveis:<\/strong> Guitarra el\u00e9trica<br \/>\n<strong>Tipos de efeitos:<\/strong> Fuzz\/Distortion<br \/>\n<strong><span class=\"ui-pdp-color--BLACK ui-pdp-size--XSMALL ui-pdp-family--BOLD\">Tipos de alimenta\u00e7\u00e3o<\/span>:<\/strong> Adaptador<br \/>\n<strong><span class=\"ui-pdp-color--BLACK ui-pdp-size--XSMALL ui-pdp-family--BOLD\">Dimens\u00f5es AxLxP (cm):<\/span><\/strong><span class=\"ui-pdp-color--BLACK ui-pdp-size--XSMALL ui-pdp-family--BOLD\">6.5x13x9<\/span><span class=\"ui-pdp-color--BLACK ui-pdp-size--XSMALL ui-pdp-family--BOLD\"><span class=\"ui-pdp-color--BLACK ui-pdp-size--XSMALL ui-pdp-family--BOLD\"><span class=\"ui-pdp-color--BLACK ui-pdp-size--XSMALL ui-pdp-family--BOLD\"><span class=\"ui-pdp-color--BLACK ui-pdp-size--XSMALL ui-pdp-family--BOLD\"><br \/>\n<\/span><\/span><\/span><\/span><\/div>\n<div><span class=\"ui-pdp-color--BLACK ui-pdp-size--XSMALL ui-pdp-family--BOLD\"><span class=\"ui-pdp-color--BLACK ui-pdp-size--XSMALL ui-pdp-family--BOLD\"><span class=\"ui-pdp-color--BLACK ui-pdp-size--XSMALL ui-pdp-family--BOLD\"><span class=\"ui-pdp-color--BLACK ui-pdp-size--XSMALL ui-pdp-family--BOLD\"><strong><br \/>\nPrazos:<\/strong><br \/>\n<\/span><\/span><\/span><\/span><strong>Compensa\u00e7\u00e3o de pagamento:<\/strong> at\u00e9 2 dias \u00fateis<br \/>\n<strong>Produ\u00e7\u00e3o:<\/strong> at\u00e9 10 dias \u00fateis<br \/>\n<strong>Entrega:<\/strong> de acordo com o tipo de frete escolhido<\/div>\n<div><strong><em><br \/>\nObs.: As cores e detalhes dos produtos podem sofrer altera\u00e7\u00f5es de tonalidade e textura dependendo da calibra\u00e7\u00e3o de seu monitor, visor e do lote de materiais de nossos fornecedores.<\/em><\/strong><\/div>\n","protected":false},"featured_media":1091,"template":"","meta":{"_acf_changed":false},"product_brand":[],"product_cat":[122,121,161],"product_tag":[],"class_list":{"0":"post-1090","1":"product","2":"type-product","3":"status-publish","4":"has-post-thumbnail","6":"product_cat-distortion","7":"product_cat-fuzz","8":"product_cat-promocoes_de_janeiro","10":"first","11":"instock","12":"taxable","13":"shipping-taxable","14":"purchasable","15":"product-type-simple"},"acf":[],"_links":{"self":[{"href":"https:\/\/collateralfx.com\/br\/wp-json\/wp\/v2\/product\/1090","targetHints":{"allow":["GET"]}}],"collection":[{"href":"https:\/\/collateralfx.com\/br\/wp-json\/wp\/v2\/product"}],"about":[{"href":"https:\/\/collateralfx.com\/br\/wp-json\/wp\/v2\/types\/product"}],"wp:featuredmedia":[{"embeddable":true,"href":"https:\/\/collateralfx.com\/br\/wp-json\/wp\/v2\/media\/1091"}],"wp:attachment":[{"href":"https:\/\/collateralfx.com\/br\/wp-json\/wp\/v2\/media?parent=1090"}],"wp:term":[{"taxonomy":"product_brand","embeddable":true,"href":"https:\/\/collateralfx.com\/br\/wp-json\/wp\/v2\/product_brand?post=1090"},{"taxonomy":"product_cat","embeddable":true,"href":"https:\/\/collateralfx.com\/br\/wp-json\/wp\/v2\/product_cat?post=1090"},{"taxonomy":"product_tag","embeddable":true,"href":"https:\/\/collateralfx.com\/br\/wp-json\/wp\/v2\/product_tag?post=1090"}],"curies":[{"name":"wp","href":"https:\/\/api.w.org\/{rel}","templated":true}]}}