{"id":59,"date":"2023-02-20T01:22:42","date_gmt":"2023-02-20T04:22:42","guid":{"rendered":"https:\/\/collateralfx.com\/br\/?page_id=59"},"modified":"2023-05-11T00:22:39","modified_gmt":"2023-05-11T03:22:39","slug":"sobre-nos","status":"publish","type":"page","link":"https:\/\/collateralfx.com\/br\/sobre-nos\/","title":{"rendered":"Sobre n\u00f3s"},"content":{"rendered":"<p>A hist\u00f3ria da Collateral come\u00e7a em meados de 2008. O cen\u00e1rio do com\u00e9rcio de instrumentos de corda e relacionados era bastante diferente do que temos hoje:<br \/>\nos pedais handmade brasileiros eram c\u00f3pias baratas e paliativas a seus pares gringos, e de modo geral o que tinhamos eram pedais feitos de forma improvisada, com componentes de baixa qualidade e com data de validade. Foi tentando reviver um desses pedais de proced\u00eancia duvidosa que eu, Guilherme, tive meu primeiro contato com eletr\u00f4nica.<\/p>\n<p>Movido pela curiosidade, me enveredei por in\u00fameros f\u00f3runs, sites, livros sobre eletr\u00f4nica, e logo o reparo desse primeiro pedal pavimentou o que virou um hobby, e por alguns anos fiz pedais apenas para mim e para amigos mais pr\u00f3ximos. Quando me dei conta, minha paix\u00e3o pela constru\u00e7\u00e3o de pedais e a descoberta de novos timbres havia se tornado minha principal fonte de renda, sendo complementada por reparos em pedais de outras marcas &#8211; o que me permitiu ter em m\u00e3os in\u00fameros pedais raros e lend\u00e1rios.<\/p>\n<p>Ao longo desses anos a Collateral passou por v\u00e1rias transforma\u00e7\u00f5es &#8211; passando por uma dedica\u00e7\u00e3o completa de foco, passando por v\u00e1rios clones e culminando na linha autoral da marca. O que n\u00e3o mudou desde os primeiros anos foi o formato: todos os pedais continuam sendo totalmente feitos \u00e0 m\u00e3o, com componentes de alt\u00edssima qualidade, componentes originais comprados diretamente com fabricantes ou distribuidores oficiais, fios de silicone resistentes ao calor, 3PDT low force de vida longa, jacks Neutrik, caixas em alum\u00ednio com acabamento em pintura eletrost\u00e1tica e silk screen &#8211; e as artes s\u00e3o sempre fruto de um longo processo criativo intrinsecamente ligado ao conceito sonoro do pedal em quest\u00e3o.<\/p>\n<p>Com 15 anos de mercado, a Collateral tr\u00e1s um produto 100% feito \u00e0 m\u00e3o no Brasil com desings inovadores e cheios de personalidade e um suporte diferenciado ao usu\u00e1rio, com uma carteira de clientes de renome em escala mundial.<\/p>\n","protected":false},"excerpt":{"rendered":"<p>A hist\u00f3ria da Collateral come\u00e7a em meados de 2008. O cen\u00e1rio do com\u00e9rcio de instrumentos de corda e relacionados era bastante diferente do que temos hoje: os pedais handmade brasileiros eram c\u00f3pias baratas e paliativas a seus pares gringos, e de modo geral o que tinhamos eram pedais feitos de forma improvisada, com componentes de baixa qualidade e com data de validade. Foi tentando reviver um desses pedais de proced\u00eancia duvidosa que eu, Guilherme, tive&hellip;<\/p>\n","protected":false},"author":1,"featured_media":0,"parent":0,"menu_order":0,"comment_status":"closed","ping_status":"closed","template":"","meta":{"_acf_changed":false,"footnotes":""},"class_list":["post-59","page","type-page","status-publish","hentry"],"acf":[],"_links":{"self":[{"href":"https:\/\/collateralfx.com\/br\/wp-json\/wp\/v2\/pages\/59","targetHints":{"allow":["GET"]}}],"collection":[{"href":"https:\/\/collateralfx.com\/br\/wp-json\/wp\/v2\/pages"}],"about":[{"href":"https:\/\/collateralfx.com\/br\/wp-json\/wp\/v2\/types\/page"}],"author":[{"embeddable":true,"href":"https:\/\/collateralfx.com\/br\/wp-json\/wp\/v2\/users\/1"}],"replies":[{"embeddable":true,"href":"https:\/\/collateralfx.com\/br\/wp-json\/wp\/v2\/comments?post=59"}],"version-history":[{"count":10,"href":"https:\/\/collateralfx.com\/br\/wp-json\/wp\/v2\/pages\/59\/revisions"}],"predecessor-version":[{"id":302,"href":"https:\/\/collateralfx.com\/br\/wp-json\/wp\/v2\/pages\/59\/revisions\/302"}],"wp:attachment":[{"href":"https:\/\/collateralfx.com\/br\/wp-json\/wp\/v2\/media?parent=59"}],"curies":[{"name":"wp","href":"https:\/\/api.w.org\/{rel}","templated":true}]}}