{"id":1940,"date":"2026-04-16T23:59:46","date_gmt":"2026-04-17T02:59:46","guid":{"rendered":"https:\/\/collateralfx.com\/br\/?page_id=1940"},"modified":"2026-04-16T23:59:46","modified_gmt":"2026-04-17T02:59:46","slug":"depoimentos","status":"publish","type":"page","link":"https:\/\/collateralfx.com\/br\/depoimentos\/","title":{"rendered":"Depoimentos"},"content":{"rendered":"<div class=\"wpb-content-wrapper\"><p>[vc_row css=&#8221;.vc_custom_1683774872095{margin-top: 0px !important;border-top-width: 0px !important;padding-top: 0px !important;}&#8221;][vc_column css=&#8221;.vc_custom_1683774863009{margin-top: 0px !important;margin-bottom: 0px !important;border-top-width: 0px !important;border-bottom-width: 0px !important;padding-top: 0px !important;padding-bottom: 0px !important;}&#8221;][vc_column_text css=&#8221;.vc_custom_1776394782704{margin-top: 0px !important;margin-bottom: 0px !important;border-top-width: 0px !important;border-bottom-width: 0px !important;padding-top: 0px !important;padding-bottom: 0px !important;}&#8221;]<\/p>\n<div class=\"collateral-testimonials-full-grid\"><div class=\"testimonial-card\"><div class=\"t-header\"><div class=\"t-avatar\">L<\/div><div class=\"t-user-meta\"><span class=\"t-name\">Lucas de C\u00e1ssio Germano<\/span><span class=\"t-location\">Governador Valadares\/MG<\/span><span class=\"t-product\">The Year of the Rat e Continuum<\/span><\/div><\/div><div class=\"t-stars\">\u2605\u2605\u2605\u2605\u2605<\/div><div class=\"t-content-wrapper\"><div class=\"t-content\">Simplesmente mudou a cara dos meus drivers. Depois que acrescentei esses dois pedais no meu board, os sons de drive ficou muito melhor. Tenho muita curiosidade nos modelos de pedais de modula\u00e7\u00f5es e, se for no mesmo n\u00edvel dos pedais de drive que eu tenho, tenho certeza que n\u00e3o irei me arrepender.<\/div><span class=\"read-more-btn\">Leia mais<\/span><\/div><div class=\"t-footer-img\"><img decoding=\"async\" src=\"https:\/\/collateralfx.com\/br\/wp-content\/uploads\/Lucas-de-Cassio-Germano.webp\" alt=\"Pedalboard Lucas de C\u00e1ssio Germano - The Year of the Rat e Continuum\" loading=\"eager\" class=\"no-lazy\"><\/div><\/div><div class=\"testimonial-card\"><div class=\"t-header\"><div class=\"t-avatar\">D<\/div><div class=\"t-user-meta\"><span class=\"t-name\">David Santos de Freitas<\/span><span class=\"t-location\">Porto Alegre, RS<\/span><span class=\"t-product\">Banana Fuzz<\/span><\/div><\/div><div class=\"t-stars\">\u2605\u2605\u2605\u2605\u2605<\/div><div class=\"t-content-wrapper\"><div class=\"t-content\">Bel\u00edssimos pedais. \u00c9 incr\u00edvel ver uma qualidade t\u00e3o alta em pedais produzidos t\u00e3o perto! O atendimento \u00e9 personalizados e tive o prazer de poder escolher o timbre que o meu fuzz veio. Muito bacana! Qualidade absurda! Tenho o Toranja tamb\u00e9m que \u00e9 uma baita compressor, mas atualmente n\u00e3o est\u00e1 no set dada a caracter\u00edstica do projeto que estou! Recomendo muito!<\/div><span class=\"read-more-btn\">Leia mais<\/span><\/div><div class=\"t-footer-img\"><img decoding=\"async\" src=\"https:\/\/collateralfx.com\/br\/wp-content\/uploads\/David-Santos-de-Freitas.webp\" alt=\"Pedalboard David Santos de Freitas - Banana Fuzz\" loading=\"eager\" class=\"no-lazy\"><\/div><\/div><div class=\"testimonial-card\"><div class=\"t-header\"><div class=\"t-avatar\">A<\/div><div class=\"t-user-meta\"><span class=\"t-name\">Alexandre Santos<\/span><span class=\"t-location\">Campo Largo, PR<\/span><span class=\"t-product\">Constellation OD<\/span><\/div><\/div><div class=\"t-stars\">\u2605\u2605\u2605\u2605\u2605<\/div><div class=\"t-content-wrapper\"><div class=\"t-content\">O Constellation foi uma unanimidade no meu board quando chegou pra mim. Um overdrive na sua concep\u00e7\u00e3o mas que d\u00e1 pra chegar em texturas bizarras. Adoro utilizar ele com o Ricochet, tentando simular uma parede de sinths. Ele \u00e9 \u00fanico e o Gui sempre entrega tudo.<\/div><span class=\"read-more-btn\">Leia mais<\/span><\/div><div class=\"t-footer-img\"><img decoding=\"async\" src=\"https:\/\/collateralfx.com\/br\/wp-content\/uploads\/Alexandre-Santos.webp\" alt=\"Pedalboard Alexandre Santos- Constellation OD\" loading=\"eager\" class=\"no-lazy\"><\/div><\/div><div class=\"testimonial-card\"><div class=\"t-header\"><div class=\"t-avatar\">A<\/div><div class=\"t-user-meta\"><span class=\"t-name\">Andr\u00e9 Giordani<\/span><span class=\"t-location\">Arapongas, PR<\/span><span class=\"t-product\">Continuum<\/span><\/div><\/div><div class=\"t-stars\">\u2605\u2605\u2605\u2605\u2605<\/div><div class=\"t-content-wrapper\"><div class=\"t-content\">INDISPENS\u00c1VEL!!!\r\nEssa \u00e9 a palavra que define esse pedal. Desde que comprei esse pedal ele jamais saiu do meu board. Utilizo ele como meu boost always on no in\u00edcio da cadeia, pois sempre tenho um crunch no meu som, mesmo com som limpo.\r\n\r\nO lado Klon \u00e9 perfeito pra dar um up nos m\u00e9dios e tocar somente com ele ligado ou empurrando outros pedais. \u00c9 um casamento perfeito com qualquer single coil, na minha opini\u00e3o. J\u00e1 o lado TS10 \u00e9 um pouco mais sujo, mas lindo em som. Utilizo para empurrar o Klon para ter o timbre do John Mayer (o pedal foi feito pra isso, n\u00e3o \u00e9 mesmo!), ou para empurrar outros drives quando toco com humbuckers.\r\n\r\nDetalhe, o pedal funciona perfeitamente bem quando se faz stacking dele mesmo, ou seja, o TS10 empurrado o Klon sem precisar de outro drive no sinal. \u00c9 o pedal mais vers\u00e1til que tenho e por isso \u00e9 indispens\u00e1vel pra mim.\r\n\r\nPor fim, e n\u00e3o menos importante, j\u00e1 abri meu pedal pra ver seu circuito e digo que o capricho com o qual o pedal foi feito \u00e9 simplesmente \u00edmpar.\r\nBaita pedal e vale realmente a pena t\u00ea-lo no board.<\/div><span class=\"read-more-btn\">Leia mais<\/span><\/div><div class=\"t-footer-img\"><img decoding=\"async\" src=\"https:\/\/collateralfx.com\/br\/wp-content\/uploads\/Andre-Giordani.webp\" alt=\"Andr\u00e9 Giordani pedalboard. Continuum\" loading=\"eager\" class=\"no-lazy\"><\/div><\/div><div class=\"testimonial-card\"><div class=\"t-header\"><div class=\"t-avatar\">G<\/div><div class=\"t-user-meta\"><span class=\"t-name\">Guilherme Xavier<\/span><span class=\"t-location\">S\u00e3o Paulo, SP<\/span><span class=\"t-product\">Black Hole Sunn, Red Giant, Complex<\/span><\/div><\/div><div class=\"t-stars\">\u2605\u2605\u2605\u2605\u2605<\/div><div class=\"t-content-wrapper\"><div class=\"t-content\">At\u00e9 o momento tenho 3 pedais da Collateral e gosto demais. Constru\u00e7\u00e3o, visual, acabamento e som fodas demais. Um Cosmic Egg est\u00e1 no forno e tenho certeza que vai ser foda demais quando testar!<\/div><span class=\"read-more-btn\">Leia mais<\/span><\/div><div class=\"t-footer-img\"><img decoding=\"async\" src=\"https:\/\/collateralfx.com\/br\/wp-content\/uploads\/Guilherme-Xavier.webp\" alt=\"Pedalboard Guilherme Xavier\" loading=\"eager\" class=\"no-lazy\"><\/div><\/div><div class=\"testimonial-card\"><div class=\"t-header\"><div class=\"t-avatar\">B<\/div><div class=\"t-user-meta\"><span class=\"t-name\">Bruno Novaes<\/span><span class=\"t-location\">Durand\u00e9 - MG<\/span><span class=\"t-product\">Foxey Face, Banana Fuzz, Demoiselle, The Year of the Rat, Cabe\u00e7a de Bode, Morpho e Projeto Custom<\/span><\/div><\/div><div class=\"t-stars\">\u2605\u2605\u2605\u2605\u2605<\/div><div class=\"t-content-wrapper\"><div class=\"t-content\">Dif\u00edcil voc\u00ea comprar um Collateral FX e n\u00e3o se apaixonar. O som dos pedais \u00e9 incr\u00edvel, as artes s\u00e3o maravilhosas e todo o pacote t\u00e1 acess\u00edvel por 1\/3 do pre\u00e7o dos pedais boutique gringos, usando os mesmos componentes de primeira linha em sua composi\u00e7\u00e3o. E em alguns casos at\u00e9 componentes raros e descontinuados que outras empresas nem tem acesso ou n\u00e3o acham que vale a pena garimpar.\r\n\r\nUm diferencial que soma a tudo isso \u00e9 o Guilherme, um cara super acess\u00edvel, atencioso, disposto a embarcar em projetos custom, preocupado com a qualidade e durabilidade dos produtos e em construir algo que vai realmente agregar pro m\u00fasico brasileiro. Veja a\u00ed o projeto do Banana Fuzz, por exemplo, em que ele teve o cuidado de selecionar transistores de germ\u00e2nio apropriados para o nosso clima brasileiro. Valorize a ind\u00fastria nacional!\r\n\r\nS\u00f3 tomem cuidado! Uma vez que voc\u00ea compra o primeiro, \u00e9 dif\u00edcil parar. Acredite em mim, eu tentei rs.<\/div><span class=\"read-more-btn\">Leia mais<\/span><\/div><div class=\"t-footer-img\"><img decoding=\"async\" src=\"https:\/\/collateralfx.com\/br\/wp-content\/uploads\/Bruno-Novaes.webp\" alt=\"Pedalboard Bruno Novaes Foxey Face, Banana Fuzz, Demoiselle\" loading=\"eager\" class=\"no-lazy\"><\/div><\/div><div class=\"testimonial-card\"><div class=\"t-header\"><div class=\"t-avatar\">M<\/div><div class=\"t-user-meta\"><span class=\"t-name\">Matheus Almeida<\/span><span class=\"t-location\">Porto Seguro BA<\/span><span class=\"t-product\">Banana fuzz, Sea of Japan, continuum, etc<\/span><\/div><\/div><div class=\"t-stars\">\u2605\u2605\u2605\u2605\u2605<\/div><div class=\"t-content-wrapper\"><div class=\"t-content\">Meus primeiros pedais da collateral que comprei foram em 2017, de l\u00e1 pra c\u00e1 j\u00e1 tive aproximadamente uns 20. O cuidado que o Guilherme tem na constru\u00e7\u00e3o e na concep\u00e7\u00e3o dos pedais e o mais alto n\u00edvel que temos por aqui. Vale muito a pena conhecer a sonoridade dos pedais e visualmente s\u00e3o incr\u00edveis, excelentes jack e foots !<\/div><span class=\"read-more-btn\">Leia mais<\/span><\/div><div class=\"t-footer-img\"><img decoding=\"async\" src=\"https:\/\/collateralfx.com\/br\/wp-content\/uploads\/Matheus-Almeida-1.webp\" alt=\"Pedal board Matheus Almeida com Banana Fuzz e Sea of Japan\" loading=\"eager\" class=\"no-lazy\"><\/div><\/div><div class=\"testimonial-card\"><div class=\"t-header\"><div class=\"t-avatar\">E<\/div><div class=\"t-user-meta\"><span class=\"t-name\">Eduardo Gon\u00e7alves Ferreira<\/span><span class=\"t-location\">Atibaia - SP<\/span><span class=\"t-product\">Diablo (Clone), Slow Box (Clone), Parsec, Multi Fuzz<\/span><\/div><\/div><div class=\"t-stars\">\u2605\u2605\u2605\u2605\u2605<\/div><div class=\"t-content-wrapper\"><div class=\"t-content\">Os pedais da Collateral n\u00e3o tem erro. Entrega aquilo que prop\u00f5e. Entrega at\u00e9 mais eu acho. Sem contar no atendimento feito pelo Guilherme que \u00e9 sensacional. Uma das melhores empresas de pedais do Brasil.<\/div><span class=\"read-more-btn\">Leia mais<\/span><\/div><div class=\"t-footer-img\"><img decoding=\"async\" src=\"https:\/\/collateralfx.com\/br\/wp-content\/uploads\/Eduardo-Goncalves-Ferreira-1.webp\" alt=\"Pedal board Eduardo Goncalves com Parsec\" loading=\"eager\" class=\"no-lazy\"><\/div><\/div><div class=\"testimonial-card\"><div class=\"t-header\"><div class=\"t-avatar\">P<\/div><div class=\"t-user-meta\"><span class=\"t-name\">Pedro Rosa<\/span><span class=\"t-location\">Ol\u00edmpia - SP<\/span><span class=\"t-product\">Red Giant, Demoiselle, Chili Pre, Foxey Face e MOL<\/span><\/div><\/div><div class=\"t-stars\">\u2605\u2605\u2605\u2605\u2605<\/div><div class=\"t-content-wrapper\"><div class=\"t-content\">Se tornou minha marca de pedais favorita! Qualidade impressionante, design bonito, o conte\u00fado postado \u00e9 muito bom, sem palavras, sempre vai encontrar o que encaixa na sua proposta e no seu board!<\/div><span class=\"read-more-btn\">Leia mais<\/span><\/div><div class=\"t-footer-img\"><img decoding=\"async\" src=\"https:\/\/collateralfx.com\/br\/wp-content\/uploads\/Pedro-Rosa-1.webp\" alt=\"Pedal board Pedro Rosa com Foxey Face, Red Giant e Demoiselle Chorus\" loading=\"eager\" class=\"no-lazy\"><\/div><\/div><div class=\"testimonial-card\"><div class=\"t-header\"><div class=\"t-avatar\">F<\/div><div class=\"t-user-meta\"><span class=\"t-name\">Fabio Martins rocha<\/span><span class=\"t-location\">Bras\u00edlia, DF<\/span><span class=\"t-product\">Red giant<\/span><\/div><\/div><div class=\"t-stars\">\u2605\u2605\u2605\u2605\u2605<\/div><div class=\"t-content-wrapper\"><div class=\"t-content\">Pedal excelente de high gain que possui similaridade com o revv g3, mas com um controle melhor de m\u00e9dios e de agudos para um som mais tight e nervoso! Adorei o pedal.<\/div><span class=\"read-more-btn\">Leia mais<\/span><\/div><div class=\"t-footer-img\"><img decoding=\"async\" src=\"https:\/\/collateralfx.com\/br\/wp-content\/uploads\/Fabio-Martins-rocha-1.webp\" alt=\"Pedal board Fabio Martins com Red Giant\" loading=\"eager\" class=\"no-lazy\"><\/div><\/div><div class=\"testimonial-card\"><div class=\"t-header\"><div class=\"t-avatar\">L<\/div><div class=\"t-user-meta\"><span class=\"t-name\">Luigy Marani<\/span><span class=\"t-location\">Americana-SP<\/span><span class=\"t-product\">Continuum e Parsec<\/span><\/div><\/div><div class=\"t-stars\">\u2605\u2605\u2605\u2605\u2605<\/div><div class=\"t-content-wrapper\"><div class=\"t-content\">pedais incriveis, nada a reclamar sobre.\r\nsenti que o seu klon \u00e9 muito superior ao meu antigo q era da joyfx.\r\nfinalmente eu pude ter a experi\u00eancia de ter um TS de verdade (usava o da ampero stomp, mas nao chega nem perto)\r\n\r\nalgo a melhorar seria na experi\u00eancia do unboxing - senti falta de algum brinde (adesivo, palheta) ou manual de uso em papel, etc. mas legal que a embalagem vem cheirosinha kk<\/div><span class=\"read-more-btn\">Leia mais<\/span><\/div><div class=\"t-footer-img\"><img decoding=\"async\" src=\"https:\/\/collateralfx.com\/br\/wp-content\/uploads\/Luigy-Marani-1.webp\" alt=\"Pedal board Luigy Marani com Parsec e Continuum\" loading=\"eager\" class=\"no-lazy\"><\/div><\/div><\/div><div class=\"collateral-pagination\"><\/div><script>document.querySelectorAll(\".read-more-btn\").forEach(b=>{b.onclick=function(){let c=this.previousElementSibling;c.classList.toggle(\"expanded\");this.textContent=c.classList.contains(\"expanded\")?\"Recolher\":\"Leia mais\"}});<\/script>\n<p>[\/vc_column_text][\/vc_column][\/vc_row]<\/p>\n<\/div>","protected":false},"excerpt":{"rendered":"<p>[vc_row css=&#8221;.vc_custom_1683774872095{margin-top: 0px !important;border-top-width: 0px !important;padding-top: 0px !important;}&#8221;][vc_column css=&#8221;.vc_custom_1683774863009{margin-top: 0px !important;margin-bottom: 0px !important;border-top-width: 0px !important;border-bottom-width: 0px !important;padding-top: 0px !important;padding-bottom: 0px !important;}&#8221;][vc_column_text css=&#8221;.vc_custom_1776394782704{margin-top: 0px !important;margin-bottom: 0px !important;border-top-width: 0px !important;border-bottom-width: 0px !important;padding-top: 0px !important;padding-bottom: 0px !important;}&#8221;] [\/vc_column_text][\/vc_column][\/vc_row]<\/p>\n","protected":false},"author":1,"featured_media":0,"parent":0,"menu_order":0,"comment_status":"closed","ping_status":"closed","template":"","meta":{"_acf_changed":false,"footnotes":""},"class_list":["post-1940","page","type-page","status-publish","hentry"],"acf":[],"_links":{"self":[{"href":"https:\/\/collateralfx.com\/br\/wp-json\/wp\/v2\/pages\/1940","targetHints":{"allow":["GET"]}}],"collection":[{"href":"https:\/\/collateralfx.com\/br\/wp-json\/wp\/v2\/pages"}],"about":[{"href":"https:\/\/collateralfx.com\/br\/wp-json\/wp\/v2\/types\/page"}],"author":[{"embeddable":true,"href":"https:\/\/collateralfx.com\/br\/wp-json\/wp\/v2\/users\/1"}],"replies":[{"embeddable":true,"href":"https:\/\/collateralfx.com\/br\/wp-json\/wp\/v2\/comments?post=1940"}],"version-history":[{"count":0,"href":"https:\/\/collateralfx.com\/br\/wp-json\/wp\/v2\/pages\/1940\/revisions"}],"wp:attachment":[{"href":"https:\/\/collateralfx.com\/br\/wp-json\/wp\/v2\/media?parent=1940"}],"curies":[{"name":"wp","href":"https:\/\/api.w.org\/{rel}","templated":true}]}}